{"id":7344,"date":"2020-10-23T20:08:19","date_gmt":"2020-10-23T18:08:19","guid":{"rendered":"https:\/\/icewisdom.com\/de\/?page_id=7344"},"modified":"2025-07-17T21:51:17","modified_gmt":"2025-07-17T19:51:17","slug":"anmeldung-newsletter-icewisdom","status":"publish","type":"page","link":"https:\/\/icewisdom.com\/de\/anmeldung-newsletter-icewisdom\/","title":{"rendered":"Anmeldung Newsletter IceWisdom"},"content":{"rendered":"\n<style type=\"text\/css\" data-created_by=\"avia_inline_auto\" id=\"style-css-av-5x1hcg-768b08750da031183f45bd92b9dcb3f2\">\n.flex_column.av-5x1hcg-768b08750da031183f45bd92b9dcb3f2{\nborder-radius:0px 0px 0px 0px;\n-webkit-border-radius:0px 0px 0px 0px;\n-moz-border-radius:0px 0px 0px 0px;\n}\n<\/style>\n<div class='flex_column av-5x1hcg-768b08750da031183f45bd92b9dcb3f2 av_one_full  avia-builder-el-0  el_before_av_one_full  avia-builder-el-first  first flex_column_div av-zero-column-padding '   ><div class=\"avia-video avia-video-16-9   av-lazyload-immediate  av-lazyload-video-embed  \" style=\"\" itemprop=\"video\" itemtype=\"https:\/\/schema.org\/VideoObject\" data-original_url=\"https:\/\/www.youtube.com\/watch?v=B9AejNeH8fk&feature=emb_title\"><div class=\"BorlabsCookie _brlbs-cb-youtube\"><div class=\"_brlbs-content-blocker\"> <div class=\"_brlbs-embed _brlbs-video-youtube\"> <img decoding=\"async\" class=\"_brlbs-thumbnail\" src=\"https:\/\/icewisdom.com\/de\/wp-content\/plugins\/borlabs-cookie\/assets\/images\/cb-no-thumbnail.png\" alt=\"YouTube\"> <div class=\"_brlbs-caption\"> <p>Mit dem Laden des Videos akzeptieren Sie die Datenschutzerkl\u00e4rung von YouTube.<br><a href=\"https:\/\/policies.google.com\/privacy\" target=\"_blank\" rel=\"nofollow noopener noreferrer\">Mehr erfahren<\/a><\/p> <p><a class=\"_brlbs-btn _brlbs-icon-play-white\" href=\"#\" data-borlabs-cookie-unblock role=\"button\">Video laden<\/a><\/p> <p><label><input type=\"checkbox\" name=\"unblockAll\" value=\"1\" checked> <small>YouTube immer entsperren<\/small><\/label><\/p> <\/div> <\/div> <\/div><div class=\"borlabs-hide\" data-borlabs-cookie-type=\"content-blocker\" data-borlabs-cookie-id=\"youtube\"><script type=\"text\/template\">PGRpdiBjbGFzcz0nYXZpYS1pZnJhbWUtd3JhcCc+PGlmcmFtZSB0aXRsZT0iQW5nYWFuZ2FxcyBtZXNzYWdlIGZvciB0aGUgRXhwbyAyMDIwIGluIER1YmFpIiB3aWR0aD0iMTUwMCIgaGVpZ2h0PSI4NDQiIHNyYz0iaHR0cHM6Ly93d3cueW91dHViZS1ub2Nvb2tpZS5jb20vZW1iZWQvQjlBZWpOZUg4Zms\/ZmVhdHVyZT1vZW1iZWQiIGZyYW1lYm9yZGVyPSIwIiBhbGxvdz0iYWNjZWxlcm9tZXRlcjsgYXV0b3BsYXk7IGNsaXBib2FyZC13cml0ZTsgZW5jcnlwdGVkLW1lZGlhOyBneXJvc2NvcGU7IHBpY3R1cmUtaW4tcGljdHVyZTsgd2ViLXNoYXJlIiByZWZlcnJlcnBvbGljeT0ic3RyaWN0LW9yaWdpbi13aGVuLWNyb3NzLW9yaWdpbiIgYWxsb3dmdWxsc2NyZWVuPjwvaWZyYW1lPjwvZGl2Pg==<\/script><\/div><\/div><\/div><\/div>\n\n<style type=\"text\/css\" data-created_by=\"avia_inline_auto\" id=\"style-css-av-480ju8-2b0fb8cdd8f5558c2513c48007967c61\">\n.flex_column.av-480ju8-2b0fb8cdd8f5558c2513c48007967c61{\nborder-radius:0px 0px 0px 0px;\n-webkit-border-radius:0px 0px 0px 0px;\n-moz-border-radius:0px 0px 0px 0px;\n}\n<\/style>\n<div class='flex_column av-480ju8-2b0fb8cdd8f5558c2513c48007967c61 av_one_full  avia-builder-el-2  el_after_av_one_full  el_before_av_codeblock  first flex_column_div av-zero-column-padding column-top-margin'   ><p>\n<style type=\"text\/css\" data-created_by=\"avia_inline_auto\" id=\"style-css-av-2c1x4w-e157fd2d50872bfdc116226abc807477\">\n#top .av-special-heading.av-2c1x4w-e157fd2d50872bfdc116226abc807477{\npadding-bottom:10px;\n}\n<\/style>\n<div  class='av-special-heading av-2c1x4w-e157fd2d50872bfdc116226abc807477 av-special-heading-h3  avia-builder-el-3  el_before_av_textblock  avia-builder-el-first  '><h3 class='av-special-heading-tag '  itemprop=\"headline\"  >Newsletter bestellen<\/h3><div class='special-heading-border'><div class='special-heading-inner-border'><\/div><\/div><\/div><br \/>\n<section class=\"av_textblock_section \"  itemscope=\"itemscope\" itemtype=\"https:\/\/schema.org\/CreativeWork\" ><div class='avia_textblock  '   itemprop=\"text\" ><p>Angaangaq ist Schamane und traditioneller Heiler. Seine Aufgabe ist es, &#8222;das Eis im Herzen der Menschen zu schmelzen&#8220;.<\/p>\n<p>Angaangaq gibt regelm\u00e4\u00dfig <a href=\"https:\/\/icewisdom.com\/de\/intensiv-seminare\/\" target=\"_blank\" rel=\"noopener\">Seminare, Vortr\u00e4ge<\/a> und <a href=\"https:\/\/icewisdom.com\/de\/event\/online-einzelsitzungen-mit-angaangaq\/\" target=\"_blank\" rel=\"noopener\">Einzelsitzungen<\/a> in Europa, zur Zeit auch online.<\/p>\n<p>Mit der Anmeldung erhalten Sie regelm\u00e4\u00dfig pers\u00f6nliche Nachrichten von Angaangaq und Updates \u00fcber Veranstaltungen.<\/p>\n<\/div><\/section><\/p><\/div><\/p>\n<div  class='avia-button-wrap avia-button-left  avia-builder-el-6  el_after_av_codeblock  avia-builder-el-last ' >\n<style type=\"text\/css\" data-created_by=\"avia_inline_auto\" id=\"style-css-av-md7sxw23-2b4b9bcf4f5465a61d32b8b3ffb4d350\">\n#top #wrap_all .avia-button.av-md7sxw23-2b4b9bcf4f5465a61d32b8b3ffb4d350{\nborder-style:solid;\nborder-width:0 0 0 0;\ntransition:all 0.4s ease-in-out;\n-webkit-transition:all 0.4s ease-in-out;\n-moz-transition:all 0.4s ease-in-out;\n-ms-transition:all 0.4s ease-in-out;\n-o-transition:all 0.4s ease-in-out;\n}\n#top #wrap_all .avia-button.av-md7sxw23-2b4b9bcf4f5465a61d32b8b3ffb4d350:hover{\ncolor:white;\ntransition:all 0.4s ease-in-out;\n-webkit-transition:all 0.4s ease-in-out;\n-moz-transition:all 0.4s ease-in-out;\n-ms-transition:all 0.4s ease-in-out;\n-o-transition:all 0.4s ease-in-out;\n}\n<\/style>\n<a href='https:\/\/visitor.r20.constantcontact.com\/manage\/optin?v=001uPkf9IpmO4RZIk1qkbhq0e68iksaqhsuryRsscV3jEiMISOBVPD2gGa598V5oLCC4HzBvy-UI_zWvBoQxaW4qd_G-GJmHc1LTN5fbNmT_XWP8s03mb7x76qe3yxisiiaHulchzRL-WVL2yJLWuOGxw%3D%3D' class='avia-button av-md7sxw23-2b4b9bcf4f5465a61d32b8b3ffb4d350 avia-icon_select-yes-right-icon avia-size-medium avia-position-left avia-color-red avia-font-color-white ' target=\"_blank\" rel=\"noopener noreferrer\"><span class='avia_iconbox_title' >Zum Newsletter anmelden<\/span><span class='avia_button_icon avia_button_icon_right' aria-hidden='true' data-av_icon='\ue844' data-av_iconfont='entypo-fontello'><\/span><span class='avia_button_background avia-button avia-color-theme-color-highlight' ><\/span><\/a><\/div>\n","protected":false},"excerpt":{"rendered":"","protected":false},"author":12,"featured_media":0,"parent":0,"menu_order":0,"comment_status":"closed","ping_status":"closed","template":"","meta":{"footnotes":""},"class_list":["post-7344","page","type-page","status-publish","hentry"],"_links":{"self":[{"href":"https:\/\/icewisdom.com\/de\/wp-json\/wp\/v2\/pages\/7344","targetHints":{"allow":["GET"]}}],"collection":[{"href":"https:\/\/icewisdom.com\/de\/wp-json\/wp\/v2\/pages"}],"about":[{"href":"https:\/\/icewisdom.com\/de\/wp-json\/wp\/v2\/types\/page"}],"author":[{"embeddable":true,"href":"https:\/\/icewisdom.com\/de\/wp-json\/wp\/v2\/users\/12"}],"replies":[{"embeddable":true,"href":"https:\/\/icewisdom.com\/de\/wp-json\/wp\/v2\/comments?post=7344"}],"version-history":[{"count":24,"href":"https:\/\/icewisdom.com\/de\/wp-json\/wp\/v2\/pages\/7344\/revisions"}],"predecessor-version":[{"id":10055,"href":"https:\/\/icewisdom.com\/de\/wp-json\/wp\/v2\/pages\/7344\/revisions\/10055"}],"wp:attachment":[{"href":"https:\/\/icewisdom.com\/de\/wp-json\/wp\/v2\/media?parent=7344"}],"curies":[{"name":"wp","href":"https:\/\/api.w.org\/{rel}","templated":true}]}}