{"id":5868,"date":"2019-04-10T18:52:02","date_gmt":"2019-04-10T16:52:02","guid":{"rendered":"https:\/\/icewisdom.com\/de\/?page_id=5868"},"modified":"2021-03-01T18:37:21","modified_gmt":"2021-03-01T17:37:21","slug":"buecher","status":"publish","type":"page","link":"https:\/\/icewisdom.com\/de\/buecher\/","title":{"rendered":"B\u00fccher"},"content":{"rendered":"\n<style type=\"text\/css\" data-created_by=\"avia_inline_auto\" id=\"style-css-av-jubezw49-0c4af39a0bf17e5f37da6d01c376bc8a\">\n.av-horizontal-gallery.av-jubezw49-0c4af39a0bf17e5f37da6d01c376bc8a{\npadding:3.75% 0px;;\n}\n.av-horizontal-gallery.av-jubezw49-0c4af39a0bf17e5f37da6d01c376bc8a .av-horizontal-gallery-inner{\npadding-bottom:25%;\n}\n<\/style>\n<div  class='av-horizontal-gallery av-jubezw49-0c4af39a0bf17e5f37da6d01c376bc8a av-horizontal-gallery-large-gap av-horizontal-gallery-enlarge-effect av-control-default  avia-builder-el-0  el_before_av_heading  avia-builder-el-first  av-horizontal-gallery-1 '  itemprop=\"image\" itemscope=\"itemscope\" itemtype=\"https:\/\/schema.org\/ImageObject\"   data-av-enlarge='1.3'  ><div class='avia-slideshow-arrows avia-slideshow-controls' ><a href='#prev' class='prev-slide av-horizontal-gallery-prev' aria-hidden='true' data-av_icon='\ue87c' data-av_iconfont='entypo-fontello' aria-hidden='true' tabindex='-1'>Zur\u00fcck<\/a><a href='#next' class='next-slide av-horizontal-gallery-next' aria-hidden='true' data-av_icon='\ue87d' data-av_iconfont='entypo-fontello' aria-hidden='true' tabindex='-1'>Weiter<\/a><\/div><div class='av-horizontal-gallery-inner' data-av-height='25'><div class=\"av-horizontal-gallery-slider\"><div class='av-horizontal-gallery-wrap noHover'><img class='wp-image-2508 avia-img-lazy-loading-2508 av-horizontal-gallery-img' width='214' height='310' src='https:\/\/icewisdom.com\/de\/wp-content\/uploads\/sites\/2\/2014\/02\/angaangaq_buch_schmeltzt_das_eis-1.png' title='angaangaq_buch_schmeltzt_das_eis-1' alt='' \/><a href=\"https:\/\/icewisdom.com\/de\/wp-content\/uploads\/sites\/2\/2014\/02\/angaangaq_buch_schmeltzt_das_eis-1.png\" class='av-horizontal-gallery-link' aria-hidden='true' data-av_icon='\ue869' data-av_iconfont='entypo-fontello' title='angaangaq_buch_schmeltzt_das_eis-1' alt=''><\/a><\/div><div class='av-horizontal-gallery-wrap noHover'><img class='wp-image-2522 avia-img-lazy-loading-2522 av-horizontal-gallery-img' width='250' height='299' src='https:\/\/icewisdom.com\/de\/wp-content\/uploads\/sites\/2\/2014\/02\/schamanische-weisheiten.jpg' title='schamanische-weisheiten' alt='' \/><a href=\"https:\/\/icewisdom.com\/de\/wp-content\/uploads\/sites\/2\/2014\/02\/schamanische-weisheiten.jpg\" class='av-horizontal-gallery-link' aria-hidden='true' data-av_icon='\ue869' data-av_iconfont='entypo-fontello' title='schamanische-weisheiten' alt=''><\/a><\/div><div class='av-horizontal-gallery-wrap noHover'><img class='wp-image-3625 avia-img-lazy-loading-3625 av-horizontal-gallery-img' width='672' height='1030' src='https:\/\/icewisdom.com\/de\/wp-content\/uploads\/sites\/2\/2016\/02\/Der-Alltagsschamane-672x1030.jpg' title='Der-Alltagsschamane' alt='' \/><a href=\"https:\/\/icewisdom.com\/de\/wp-content\/uploads\/sites\/2\/2016\/02\/Der-Alltagsschamane-672x1030.jpg\" class='av-horizontal-gallery-link' aria-hidden='true' data-av_icon='\ue869' data-av_iconfont='entypo-fontello' title='Der-Alltagsschamane' alt=''><\/a><\/div><div class='av-horizontal-gallery-wrap noHover'><img class='wp-image-5876 avia-img-lazy-loading-5876 av-horizontal-gallery-img' width='337' height='499' src='https:\/\/icewisdom.com\/de\/wp-content\/uploads\/sites\/2\/2019\/04\/51bUF3V3PL._SX335_BO1204203200_.jpg' title='51bU+F3V3PL._SX335_BO1,204,203,200_' alt='' \/><a href=\"https:\/\/icewisdom.com\/de\/wp-content\/uploads\/sites\/2\/2019\/04\/51bUF3V3PL._SX335_BO1204203200_.jpg\" class='av-horizontal-gallery-link' aria-hidden='true' data-av_icon='\ue869' data-av_iconfont='entypo-fontello' title='51bU+F3V3PL._SX335_BO1,204,203,200_' alt=''><\/a><\/div><\/div><\/div><\/div>\n\n<style type=\"text\/css\" data-created_by=\"avia_inline_auto\" id=\"style-css-av-av_heading-05abb8f9eecc7a97c22c49750d93445a\">\n#top .av-special-heading.av-av_heading-05abb8f9eecc7a97c22c49750d93445a{\npadding-bottom:10px;\n}\n<\/style>\n<div  class='av-special-heading av-av_heading-05abb8f9eecc7a97c22c49750d93445a av-special-heading-h3 blockquote modern-quote  avia-builder-el-1  el_after_av_horizontal_gallery  el_before_av_textblock  avia-builder-el-first  '><h3 class='av-special-heading-tag '  itemprop=\"headline\"  >B\u00fccher<\/h3><div class='special-heading-border'><div class='special-heading-inner-border'><\/div><\/div><\/div>\n<section class=\"av_textblock_section \"  itemscope=\"itemscope\" itemtype=\"https:\/\/schema.org\/CreativeWork\" ><div class='avia_textblock  '   itemprop=\"text\" ><p><a href=\"https:\/\/www.amazon.de\/Schmelzt-das-Eis-euren-Herzen\/dp\/3466345472\/ref=sr_1_1?ie=UTF8&amp;qid=1549903722&amp;sr=8-1&amp;keywords=schmelzt+das+eis+in+euren+herzen\" target=\"_blank\" rel=\"noopener noreferrer\">Schmelzt das Eis in euren Herzen<\/a><strong> \u2013 <\/strong>Aufruf zu einem geistigen Klimawandel,\u00a0 Angaangaq,\u00a0 Christoph Quarch (Herausgeber), K\u00f6sel Verlag, M\u00fcnchen 2010; auch erschienen auf Italienisch, Spanisch und Niederl\u00e4ndisch<\/p>\n<p><a href=\"https:\/\/www.amazon.de\/Schmelzt-das-Eis-euren-Herzen\/dp\/3466345472\/ref=sr_1_1?ie=UTF8&amp;qid=1549903722&amp;sr=8-1&amp;keywords=schmelzt+das+eis+in+euren+herzen\" target=\"_blank\" rel=\"noopener noreferrer\">Schamanische Weisheit<\/a><a href=\"https:\/\/www.amazon.de\/Schmelzt-das-Eis-euren-Herzen\/dp\/3466345472\/ref=sr_1_1?ie=UTF8&amp;qid=1549903722&amp;sr=8-1&amp;keywords=schmelzt+das+eis+in+euren+herzen\"> f\u00fcr ein gl\u00fcckliches Leben<\/a>, Angaangaq, Angela Babel, GU Verlag, M\u00fcnchen, 2012<\/p>\n<p><a href=\"https:\/\/www.amazon.de\/Alltagsschamane-GU-Mind-Soul-Handtaschenbuch\/dp\/3833848049\/ref=sr_1_1?ie=UTF8&amp;qid=1549903967&amp;sr=8-1&amp;keywords=der+Alltagsschamane\" target=\"_blank\" rel=\"noopener noreferrer\">Der Alltagsschamane<\/a>, Angaangaq, Christoph Quarch, GU Verlag, M\u00fcnchen, 2015<\/p>\n<p><a href=\"https:\/\/www.randomhouse.de\/book\/editionsearchresult.jsp?pat=altes+wissen+fuer+eine+neue+zeit&amp;x=0&amp;y=0&amp;pub=1\" target=\"_blank\" rel=\"noopener noreferrer\">Altes Wissen f\u00fcr eine neue Zeit<\/a> \u2013 Gespr\u00e4che mit Heilern und Schamanen des 21. Jahrhunderts, Geseko von L\u00fcpke, K\u00f6sel Verlag, M\u00fcnchen, 2008 \u2013 mit einem Interview mit Angaangaq<\/p>\n<p><a href=\"https:\/\/www.amazon.de\/Heiliges-Feuer-Schamanen-%C3%84lteste-September\/dp\/B015YMX8P2\/ref=sr_1_1?ie=UTF8&amp;qid=1549903666&amp;sr=8-1&amp;keywords=heiliges+feuer\" target=\"_blank\" rel=\"noopener noreferrer\">Heiliges Feuer<\/a> \u2013 Schamanen und \u00c4lteste f\u00fcr die Welt, Angela Babel \/ Sven Nieder, Kamphausen J. Verlag 2010; vergriffen<\/p>\n<\/div><\/section>\n\n<style type=\"text\/css\" data-created_by=\"avia_inline_auto\" id=\"style-css-av-av_heading-d021f3ffa255311dad137917984c0c5c\">\n#top .av-special-heading.av-av_heading-d021f3ffa255311dad137917984c0c5c{\npadding-bottom:10px;\n}\n<\/style>\n<div  class='av-special-heading av-av_heading-d021f3ffa255311dad137917984c0c5c av-special-heading-h3 blockquote modern-quote  avia-builder-el-3  el_after_av_textblock  el_before_av_textblock  '><h3 class='av-special-heading-tag '  itemprop=\"headline\"  >Interviews<\/h3><div class='special-heading-border'><div class='special-heading-inner-border'><\/div><\/div><\/div>\n<section class=\"av_textblock_section \"  itemscope=\"itemscope\" itemtype=\"https:\/\/schema.org\/CreativeWork\" ><div class='avia_textblock  '   itemprop=\"text\" ><p><a href=\"https:\/\/thomassixt.de\/interviews\/groenland-schamane-angaangaq\/\" target=\"_blank\" rel=\"noopener noreferrer\">Thomas Sixt, KochKunst 2020<\/a>, &#8222;Warum wir Fischk\u00f6pfe, Fischhaut und Blaubeeren essen sollten&#8220;<\/p>\n<p><a href=\"https:\/\/icewisdom.com\/de\/wp-admin\/post.php?post=5868&amp;action=edit\" target=\"_blank\" rel=\"noopener\">Coopzeitung<\/a> 2019, Video und Kurzportr\u00e4t &#8222;Viele haben vergessen, wie sch\u00f6n diese Welt ist&#8220;<\/p>\n<p><a href=\"https:\/\/infothek-waldkinder.atavist.com\/angaangaq-herz-eis-schmelzen-?fbclid=IwAR2hz-lCFPGrl93T7yQjljWTpGJQSHE11sIKx_-2tNvdfsiuM2zuX_bARPg\" target=\"_blank\" rel=\"noopener noreferrer\">Infothek Waldkinder\u00a0<\/a>2019,\u00a0 &#8222;\u00dcber die Bedeutung von Natur und Wildnis&#8220;<\/p>\n<p><a href=\"https:\/\/icewisdom.com\/de\/wp-content\/uploads\/sites\/2\/2019\/04\/Frankfurter-Allgemeine.pdf\">Frankfurter Allgemeine<\/a> 2016, &#8222;Der Schamane&#8220;<\/p>\n<p><a href=\"https:\/\/icewisdom.com\/de\/wp-content\/uploads\/sites\/2\/2016\/01\/Salzburger-Nachrichten.pdf\">Salzburger Nachrichten<\/a> 2015, &#8222;Der Mann, der keine B\u00e4ume kannte&#8220;<\/p>\n<\/div><\/section>\n","protected":false},"excerpt":{"rendered":"","protected":false},"author":12,"featured_media":0,"parent":0,"menu_order":0,"comment_status":"closed","ping_status":"closed","template":"","meta":{"footnotes":""},"class_list":["post-5868","page","type-page","status-publish","hentry"],"_links":{"self":[{"href":"https:\/\/icewisdom.com\/de\/wp-json\/wp\/v2\/pages\/5868","targetHints":{"allow":["GET"]}}],"collection":[{"href":"https:\/\/icewisdom.com\/de\/wp-json\/wp\/v2\/pages"}],"about":[{"href":"https:\/\/icewisdom.com\/de\/wp-json\/wp\/v2\/types\/page"}],"author":[{"embeddable":true,"href":"https:\/\/icewisdom.com\/de\/wp-json\/wp\/v2\/users\/12"}],"replies":[{"embeddable":true,"href":"https:\/\/icewisdom.com\/de\/wp-json\/wp\/v2\/comments?post=5868"}],"version-history":[{"count":19,"href":"https:\/\/icewisdom.com\/de\/wp-json\/wp\/v2\/pages\/5868\/revisions"}],"predecessor-version":[{"id":7920,"href":"https:\/\/icewisdom.com\/de\/wp-json\/wp\/v2\/pages\/5868\/revisions\/7920"}],"wp:attachment":[{"href":"https:\/\/icewisdom.com\/de\/wp-json\/wp\/v2\/media?parent=5868"}],"curies":[{"name":"wp","href":"https:\/\/api.w.org\/{rel}","templated":true}]}}