{"id":5763,"date":"2019-04-05T13:31:03","date_gmt":"2019-04-05T11:31:03","guid":{"rendered":"https:\/\/icewisdom.com\/de\/?page_id=5763"},"modified":"2020-12-12T13:53:45","modified_gmt":"2020-12-12T11:53:45","slug":"lehren","status":"publish","type":"page","link":"https:\/\/icewisdom.com\/de\/lehren\/","title":{"rendered":"Die Lehren"},"content":{"rendered":"<section class=\"av_textblock_section \"  itemscope=\"itemscope\" itemtype=\"https:\/\/schema.org\/CreativeWork\" ><div class='avia_textblock  '   itemprop=\"text\" ><p><a href=\"https:\/\/icewisdom.com\/de\/wp-content\/uploads\/sites\/2\/2014\/02\/SNieder_090719_8165_web.jpg\"><img loading=\"lazy\" decoding=\"async\" class=\"alignnone wp-image-2465 size-full\" src=\"https:\/\/icewisdom.com\/de\/wp-content\/uploads\/sites\/2\/2014\/02\/SNieder_090719_8165_web.jpg\" alt=\"\" width=\"700\" height=\"300\" srcset=\"https:\/\/icewisdom.com\/de\/wp-content\/uploads\/sites\/2\/2014\/02\/SNieder_090719_8165_web.jpg 700w, https:\/\/icewisdom.com\/de\/wp-content\/uploads\/sites\/2\/2014\/02\/SNieder_090719_8165_web-300x128.jpg 300w, https:\/\/icewisdom.com\/de\/wp-content\/uploads\/sites\/2\/2014\/02\/SNieder_090719_8165_web-450x192.jpg 450w\" sizes=\"auto, (max-width: 700px) 100vw, 700px\" \/><\/a><\/p>\n<\/div><\/section>\n\n<style type=\"text\/css\" data-created_by=\"avia_inline_auto\" id=\"style-css-av-av_heading-ecf48e7ebd1c8971fb08eb4f2ddb49ff\">\n#top .av-special-heading.av-av_heading-ecf48e7ebd1c8971fb08eb4f2ddb49ff{\npadding-bottom:10px;\n}\n<\/style>\n<div  class='av-special-heading av-av_heading-ecf48e7ebd1c8971fb08eb4f2ddb49ff av-special-heading-h3 blockquote modern-quote  avia-builder-el-1  el_after_av_textblock  el_before_av_textblock  '><h3 class='av-special-heading-tag '  itemprop=\"headline\"  >Das Eis in den Herzen der Menschen schmelzen<\/h3><div class='special-heading-border'><div class='special-heading-inner-border'><\/div><\/div><\/div>\n<section class=\"av_textblock_section \"  itemscope=\"itemscope\" itemtype=\"https:\/\/schema.org\/CreativeWork\" ><div class='avia_textblock  '   itemprop=\"text\" ><p>&#8211; darum geht es in den indigenen Lehren aus Gr\u00f6nland, einer uralten Kultur, die keinen Krieg kennt. Ihre Jahrtausende alten Lehren rufen uns dazu auf, den Abstand zwischen unserem Herzen und unserem Verstand zu \u00fcberwinden: Durch Achtsamkeit und innere Kraft, durch Mitgef\u00fchl und Liebe, durch Mut und G\u00fcte \u2013 werden pers\u00f6nliche Transformation und globale Heilung f\u00fcr jetzt und alle Zeiten m\u00f6glich.<br \/>\nEs ist an der Zeit, unsere Stimmen und unsere Herzen zu vereinen, unseren Weg sicheren Schrittes zu gehen und das fehlende Gleichgewicht auf unserer Erde wieder herzustellen.<\/p>\n<p><a href=\"https:\/\/icewisdom.com\/de\/intensiv-seminare\/\" target=\"_blank\" rel=\"noopener\">Angebote und Veranstaltungen mit Angaangaq<\/a>, in denen er die Weisheit seiner Tradition teilt, finden sich <a href=\"https:\/\/icewisdom.com\/de\/event\/\" target=\"_blank\" rel=\"noopener\">hier<\/a>.<\/p>\n<\/div><\/section>\n<div  class='hr av-5nefub-bfa978b791a12f6cdd913c9d36d4e922 hr-default  avia-builder-el-3  el_after_av_textblock  el_before_av_textblock  '><span class='hr-inner '><span class=\"hr-inner-style\"><\/span><\/span><\/div>\n<section class=\"av_textblock_section \"  itemscope=\"itemscope\" itemtype=\"https:\/\/schema.org\/CreativeWork\" ><div class='avia_textblock  '   itemprop=\"text\" ><section class=\"av_textblock_section \">\n<div class=\"avia_textblock \">\n<h6>Qilaut \u2013 die Windtrommel<\/h6>\n<p>Qilaut, die gr\u00f6nl\u00e4ndische Windtrommel, ist ein Kreis ohne Anfang, ohne Ende, ein Kreis zu dem wir alle geh\u00f6ren. Nur der &#8222;Mann-der-uns-geschaffen-hat&#8220;, der Sch\u00f6pfer, h\u00e4lt den Griff der Trommel, und jedesmal wenn er den Rand der Trommel ber\u00fchrt, h\u00f6rt er den Herzschlag der Menschheit. Je st\u00e4rker der Herzschlag ist, desto vitaler ist die Menschheit.<\/p>\n<p>Es gibt ein altes Gebet: Meine Hoffnung ist, dass wir alle einen starken Herzschlag haben, so dass wir alle gemeinsam gedeihen k\u00f6nnen. Immer, wenn du mit deinem Herzen sprichst, wirst du auch Antwort erhalten. Nun ist es an uns zu lernen, auf unsere Herzen zu h\u00f6ren.<\/p>\n<div id=\"attachment_2382\" class=\"wp-caption alignnone\">\n<p><a class=\"lightbox-added\" href=\"https:\/\/icewisdom.com\/de\/wp-content\/uploads\/sites\/2\/2014\/02\/SNieder_090131_084_web.jpg\"><img loading=\"lazy\" decoding=\"async\" class=\"alignnone wp-image-2382 size-full\" src=\"https:\/\/icewisdom.com\/de\/wp-content\/uploads\/sites\/2\/2014\/02\/SNieder_090131_084_web.jpg\" alt=\"Qilaut \u2013 die Windtrommel | Foto Sven Nieder\" width=\"700\" height=\"300\" srcset=\"https:\/\/icewisdom.com\/de\/wp-content\/uploads\/sites\/2\/2014\/02\/SNieder_090131_084_web.jpg 700w, https:\/\/icewisdom.com\/de\/wp-content\/uploads\/sites\/2\/2014\/02\/SNieder_090131_084_web-300x128.jpg 300w, https:\/\/icewisdom.com\/de\/wp-content\/uploads\/sites\/2\/2014\/02\/SNieder_090131_084_web-450x192.jpg 450w\" sizes=\"auto, (max-width: 700px) 100vw, 700px\" \/><\/a><\/p>\n<p class=\"wp-caption-text\">Qilaut \u2013 die traditionelle Trommel aus Gr\u00f6nland<\/p>\n<\/div>\n<\/div>\n<\/section>\n<h6><\/h6>\n<\/div><\/section>\n<div  class='hr av-42440j-7df6c38c1fcdba13a2ca1ffa3da225e0 hr-default  avia-builder-el-5  el_after_av_textblock  el_before_av_textblock  '><span class='hr-inner '><span class=\"hr-inner-style\"><\/span><\/span><\/div>\n<section class=\"av_textblock_section \"  itemscope=\"itemscope\" itemtype=\"https:\/\/schema.org\/CreativeWork\" ><div class='avia_textblock  '   itemprop=\"text\" ><h6>Das R\u00e4uchern<\/h6>\n<p>Die Zeremonie des R\u00e4ucherns wird seit \u00fcber zw\u00f6lftausend Jahren von den indigenen V\u00f6lkern des Nordens zelebriert. Diese Tradition, auch als \u2019smudging\u2019 bekannt, ist in allen Kulturen und Religionen der Welt zu finden. Diese Zeremonie verbindet uns mit einer spirituellen Tradition, die uns von unz\u00e4hlbar vielen Generationen weitergegeben wurde. Das R\u00e4uchern ist eine kraftvolle Reinigung, die den Geist der Pflanze aufruft, unser Gleichgewicht wieder herstellt und entfernt, was nicht Teil von uns ist.<\/p>\n<p>Wenn wir den Rauch bitten, zu uns zu kommen, so wird er Verunreinigungen, Worte, Gedanken, Gef\u00fchle und alles, was nicht zu uns geh\u00f6rt, hinwegheben.<\/p>\n<p><!--more-->Jeder von uns kann diese einfache Zeremonie regelm\u00e4\u00dfig selbst feiern, um mit sich und seiner Umgebung in Harmonie zu sein. So wird jeder Raum in einen heiligen Raum transformiert, in dem wir leben und arbeiten k\u00f6nnen, in einen Ort der Ruhe, der Erneuerung, der Regenerierung.<\/p>\n<div id=\"attachment_2381\" class=\"wp-caption alignnone\">\n<p><a class=\"lightbox-added\" href=\"https:\/\/icewisdom.com\/de\/wp-content\/uploads\/sites\/2\/2014\/02\/SNieder_090201_636_web.jpg\"><img loading=\"lazy\" decoding=\"async\" class=\"wp-image-2381 size-full\" src=\"https:\/\/icewisdom.com\/de\/wp-content\/uploads\/sites\/2\/2014\/02\/SNieder_090201_636_web.jpg\" alt=\"Wei\u00dfer Salbei wird tratitionell zum R\u00e4uchern genutzt | Foto: Sven Nieder\" width=\"700\" height=\"300\" srcset=\"https:\/\/icewisdom.com\/de\/wp-content\/uploads\/sites\/2\/2014\/02\/SNieder_090201_636_web.jpg 700w, https:\/\/icewisdom.com\/de\/wp-content\/uploads\/sites\/2\/2014\/02\/SNieder_090201_636_web-300x128.jpg 300w, https:\/\/icewisdom.com\/de\/wp-content\/uploads\/sites\/2\/2014\/02\/SNieder_090201_636_web-450x192.jpg 450w\" sizes=\"auto, (max-width: 700px) 100vw, 700px\" \/><\/a><\/p>\n<p class=\"wp-caption-text\">Wei\u00dfer Salbei wird tratitionell zum R\u00e4uchern genutzt<\/p>\n<\/div>\n<p>Wir k\u00f6nnen r\u00e4uchern um uns zu erden, um die Atmosph\u00e4re vor oder nach einer Heilung, Initiation oder Zeremonie zu beruhigen und um heilige Gegenst\u00e4nde vor ihrer Verwendung zu reinigen. Der Rauch der Pflanze wird zur Reinigung und zu spirituellen Vorbereitungen benutzt. Er kann verwendet werden, wenn wir unseren Dank ausdr\u00fccken, und er wirkt unterst\u00fctzend f\u00fcr unsere Absichten und Gebete.<br \/>\nDie Handlungen beim R\u00e4uchern dienen dazu, unsere Gedanken zur Ruhe kommen zu lassen und unsere Absicht auf die Zeremonie zu fokussieren.<br \/>\nDer Duft vereinnahmt unseren Geruchssinn und vertieft unsere bewusste Erfahrung, indem er die verschiedensten Ebenen und Verbindungen in uns anregt. So erlaubt er in uns die Entfaltung einer umfassenden Erfahrung bei unseren spirituellen Praktiken.<\/p>\n<div id=\"attachment_2384\" class=\"wp-caption alignnone\">\n<p><a class=\"lightbox-added\" href=\"https:\/\/icewisdom.com\/de\/wp-content\/uploads\/sites\/2\/2014\/02\/SNieder_100426_223_web.jpg\"><img loading=\"lazy\" decoding=\"async\" class=\"wp-image-2384 size-full\" src=\"https:\/\/icewisdom.com\/de\/wp-content\/uploads\/sites\/2\/2014\/02\/SNieder_100426_223_web.jpg\" alt=\"R\u00e4uchern mit wei\u00dfem Salbei in London |\u00a0Foto : Sven Nieder\" width=\"700\" height=\"300\" srcset=\"https:\/\/icewisdom.com\/de\/wp-content\/uploads\/sites\/2\/2014\/02\/SNieder_100426_223_web.jpg 700w, https:\/\/icewisdom.com\/de\/wp-content\/uploads\/sites\/2\/2014\/02\/SNieder_100426_223_web-300x128.jpg 300w, https:\/\/icewisdom.com\/de\/wp-content\/uploads\/sites\/2\/2014\/02\/SNieder_100426_223_web-450x192.jpg 450w\" sizes=\"auto, (max-width: 700px) 100vw, 700px\" \/><\/a><\/p>\n<p class=\"wp-caption-text\">R\u00e4uchern mit wei\u00dfem Salbei<\/p>\n<\/div>\n<\/div><\/section>\n<div  class='hr av-2or9yr-0620a1961bddce6e755f00e2df6c625e hr-default  avia-builder-el-7  el_after_av_textblock  el_before_av_textblock  '><span class='hr-inner '><span class=\"hr-inner-style\"><\/span><\/span><\/div>\n<section class=\"av_textblock_section \"  itemscope=\"itemscope\" itemtype=\"https:\/\/schema.org\/CreativeWork\" ><div class='avia_textblock  '   itemprop=\"text\" ><h6>Der Geschichtenerz\u00e4hler<\/h6>\n<div id=\"attachment_2367\" style=\"width: 710px\" class=\"wp-caption alignnone\"><a href=\"https:\/\/icewisdom.com\/de\/wp-content\/uploads\/sites\/2\/2014\/02\/SNieder_100728_3721_web.jpg\"><img loading=\"lazy\" decoding=\"async\" aria-describedby=\"caption-attachment-2367\" class=\"wp-image-2367 size-full\" src=\"https:\/\/icewisdom.com\/de\/wp-content\/uploads\/sites\/2\/2014\/02\/SNieder_100728_3721_web.jpg\" alt=\"\" width=\"700\" height=\"300\" srcset=\"https:\/\/icewisdom.com\/de\/wp-content\/uploads\/sites\/2\/2014\/02\/SNieder_100728_3721_web.jpg 700w, https:\/\/icewisdom.com\/de\/wp-content\/uploads\/sites\/2\/2014\/02\/SNieder_100728_3721_web-300x128.jpg 300w, https:\/\/icewisdom.com\/de\/wp-content\/uploads\/sites\/2\/2014\/02\/SNieder_100728_3721_web-450x192.jpg 450w\" sizes=\"auto, (max-width: 700px) 100vw, 700px\" \/><\/a><p id=\"caption-attachment-2367\" class=\"wp-caption-text\">Angaangaq erz\u00e4hlt den Kuntanawa am Amazonas die Geschichte der Alaativiq (gr\u00f6nl\u00e4ndische Schwitzh\u00fctte).<\/p><\/div>\n<p>Die Weisheiten und Lehren der indigenen gr\u00f6nl\u00e4ndischen Kultur wurden \u00fcber Tausende von Jahren und Generationen durch die Kunst des Geschichtenerz\u00e4hlens weitergegeben. Indem Geschichten mit Geschick, Detail und akkurat erz\u00e4hlt werden, h\u00e4lt der Erz\u00e4hler das kulturelle Erbe lebendig, welches ansonsten verloren und vergessen geraten w\u00fcrde. So werden spiritueller Glauben und kulturelle Traditionen \u00fcber Generationen hinweg weitergegeben.<\/p>\n<\/div><\/section>\n<div  class='hr av-glwib-dcb61b0ed25374e2be12aa4f488d3fc2 hr-default  avia-builder-el-9  el_after_av_textblock  el_before_av_textblock  '><span class='hr-inner '><span class=\"hr-inner-style\"><\/span><\/span><\/div>\n<section class=\"av_textblock_section \"  itemscope=\"itemscope\" itemtype=\"https:\/\/schema.org\/CreativeWork\" ><div class='avia_textblock  '   itemprop=\"text\" ><h6>Die Jahreszeiten<\/h6>\n<p>Ich erinnere mich wie du diese Geschichte mit so unendlich viel Liebe erz\u00e4hltest, dass ich dachte \u2013 wenn ich nur diese Liebe einfangen k\u00f6nnte, dann h\u00e4tte ich es wahrlich geschafft. Wie oft du uns diese Geschichte erz\u00e4hltest!<\/p>\n<div id=\"attachment_2372\" style=\"width: 710px\" class=\"wp-caption alignnone\"><a href=\"https:\/\/icewisdom.com\/de\/wp-content\/uploads\/sites\/2\/2014\/02\/SNieder_110530_171_web.jpg\"><img loading=\"lazy\" decoding=\"async\" aria-describedby=\"caption-attachment-2372\" class=\"wp-image-2372 size-full\" src=\"https:\/\/icewisdom.com\/de\/wp-content\/uploads\/sites\/2\/2014\/02\/SNieder_110530_171_web.jpg\" alt=\"Niviarsiaq Foto: Sven Nieder\" width=\"700\" height=\"300\" srcset=\"https:\/\/icewisdom.com\/de\/wp-content\/uploads\/sites\/2\/2014\/02\/SNieder_110530_171_web.jpg 700w, https:\/\/icewisdom.com\/de\/wp-content\/uploads\/sites\/2\/2014\/02\/SNieder_110530_171_web-300x128.jpg 300w, https:\/\/icewisdom.com\/de\/wp-content\/uploads\/sites\/2\/2014\/02\/SNieder_110530_171_web-450x192.jpg 450w\" sizes=\"auto, (max-width: 700px) 100vw, 700px\" \/><\/a><p id=\"caption-attachment-2372\" class=\"wp-caption-text\">Der Fr\u00fchlingsbote: Die gr\u00f6nl\u00e4ndische Nationalblume Niviarsiaq<\/p><\/div>\n<p><strong>Der Fr\u00fchling<\/strong><br \/>\nWenn die Sonne zur\u00fcckkehrt und den Kampf mit der Dunkelheit des Winters aufnimmt, so beginnt ihre kraftvolle, wunderbare W\u00e4rme den Schnee und das Eis zu schmelzen, Tropfen f\u00fcr Tropfen. Es ist, wie wenn die eingefrorenen Tr\u00e4nen von Mutter Erde erl\u00f6st werden. Ich bete darum, dass du besser vorbereitet sein wirst, als ich es je war, das Eis in den Herzen der Menschen zu schmelzen, denn \u2013 so w\u00fcrde unsere Ur-Urgrossmutter sagen \u2013 wenn wir es nicht jetzt tun, so wird es keinen Sommer mehr geben.<\/p>\n<p><strong>Der Sommer<\/strong><br \/>\nDeine Ur-Urgrossmutter hat uns versichert, dass die kraftvollste Zeit in deinem und meinem Leben die Zeit des Sommers ist. Wenig Zeit wurde im Haus oder Zelt verbracht. Wir Kinder verbrachten die Zeit auf dem Land mit den neugeborenen Tieren, wir beobachteten sie. Lernten sie kennen, lernten wer sie sind und was es ist, was wir mit diesen wunderbaren Tieren tun.<\/p>\n<p><strong>Der Herbst<\/strong><br \/>\nDeine Ur-Urgrossmutter sagte \u2013 der Herbst, bei seinem Einzug, verweht die Zeit der F\u00fclle und schafft damit Raum f\u00fcr Mutter Erde, sich auszuruhen. Wenn du nicht vorbereitet bist auf den Herbst in deinem Leben, so wirst du den Winter in gro\u00dfer Verzweiflung begehen.<\/p>\n<p><strong>Der Winter<\/strong><br \/>\nEines Tages wachen wir von einem tiefen Schlaf auf und sehen die schneebedeckten Berge wie wenn sie \u00fcber Nacht gealtert w\u00e4ren, wie wenn ihre Haare wei\u00df geworden w\u00e4ren, genauso wie unsere \u00c4ltesten um uns herum mit ihren wundersch\u00f6nen wei\u00dfen Haaren.<br \/>\nEin solch wundersch\u00f6ner Moment wird in einen Windsturm transformiert, dem niemand standhalten kann \u2013 der st\u00e4rker und st\u00e4rker wird, bis nichts mehr sichtbar ist, sowohl innen als auch au\u00dfen, und es wird offensichtlich, dass du nicht wei\u00dft in welche Richtung du gehst. So ist der Winter in deinem Leben.<\/p>\n<\/div><\/section>\n","protected":false},"excerpt":{"rendered":"","protected":false},"author":12,"featured_media":0,"parent":0,"menu_order":0,"comment_status":"closed","ping_status":"closed","template":"","meta":{"footnotes":""},"class_list":["post-5763","page","type-page","status-publish","hentry"],"_links":{"self":[{"href":"https:\/\/icewisdom.com\/de\/wp-json\/wp\/v2\/pages\/5763","targetHints":{"allow":["GET"]}}],"collection":[{"href":"https:\/\/icewisdom.com\/de\/wp-json\/wp\/v2\/pages"}],"about":[{"href":"https:\/\/icewisdom.com\/de\/wp-json\/wp\/v2\/types\/page"}],"author":[{"embeddable":true,"href":"https:\/\/icewisdom.com\/de\/wp-json\/wp\/v2\/users\/12"}],"replies":[{"embeddable":true,"href":"https:\/\/icewisdom.com\/de\/wp-json\/wp\/v2\/comments?post=5763"}],"version-history":[{"count":19,"href":"https:\/\/icewisdom.com\/de\/wp-json\/wp\/v2\/pages\/5763\/revisions"}],"predecessor-version":[{"id":7541,"href":"https:\/\/icewisdom.com\/de\/wp-json\/wp\/v2\/pages\/5763\/revisions\/7541"}],"wp:attachment":[{"href":"https:\/\/icewisdom.com\/de\/wp-json\/wp\/v2\/media?parent=5763"}],"curies":[{"name":"wp","href":"https:\/\/api.w.org\/{rel}","templated":true}]}}