{"id":5694,"date":"2019-04-05T12:12:14","date_gmt":"2019-04-05T10:12:14","guid":{"rendered":"https:\/\/icewisdom.com\/de\/?page_id=5694"},"modified":"2019-09-08T17:46:35","modified_gmt":"2019-09-08T15:46:35","slug":"intensiv-seminare","status":"publish","type":"page","link":"https:\/\/icewisdom.com\/de\/intensiv-seminare\/","title":{"rendered":"Intensiv-Seminare"},"content":{"rendered":"<p>Angaangaq f\u00fchrt in Seminaren und Workshops in seine Arbeit als Schamane und traditioneller Heiler ein. Er nimmt die Teilnehmer mit in seine Welt, die keinen Krieg kennt und die Sch\u00f6nheit von jedem sieht. Seine Pr\u00e4senz und Herzensw\u00e4rme stossen pers\u00f6nliche Transformation an. W\u00e4hrend er die Energie der Gruppe mit seinen Geschichten und Ges\u00e4ngen zu einem starken, sch\u00f6nen und heilenden Kreis flechtet, f\u00e4ngt das Eis in den Herzen der Teilnehmenden an zu schmelzen. Wir beginnen, unsere Welt mit anderen Augen zu sehen und uns selbst neu zu erleben.<\/p>\n<p>Workshops sind mehrst\u00fcndig oder eint\u00e4gig und k\u00f6nnen auch w\u00e4hrend einer Konferenz angeboten werden. Intensivseminare sind mehrt\u00e4gig.<\/p>\n<p><a href=\"https:\/\/icewisdom.com\/de\/events\/\" target=\"_blank\" rel=\"noopener\">Aktuelle Seminare und Vortr\u00e4ge mit Angaangaq<\/a><\/p>\n<p>&nbsp;<\/p>\n<div id=\"attachment_5695\" style=\"width: 505px\" class=\"wp-caption alignnone\"><a href=\"https:\/\/icewisdom.com\/de\/wp-content\/uploads\/sites\/2\/2019\/04\/44279868_712171175822207_2856862269336190976_n.jpg\"><img loading=\"lazy\" decoding=\"async\" aria-describedby=\"caption-attachment-5695\" class=\"wp-image-5695 size-portfolio\" src=\"https:\/\/icewisdom.com\/de\/wp-content\/uploads\/sites\/2\/2019\/04\/44279868_712171175822207_2856862269336190976_n-495x400.jpg\" alt=\"\" width=\"495\" height=\"400\" \/><\/a><p id=\"caption-attachment-5695\" class=\"wp-caption-text\">Intensiv-Seminare und Workshops werden im Kreis abgehalten &#8211; der Kreis bildet die spirituelle Basis der gr\u00f6nl\u00e4ndischen Tradition.<\/p><\/div>\n<p>&nbsp;<\/p>\n<p>&nbsp;<\/p>\n","protected":false},"excerpt":{"rendered":"<p>Angaangaq f\u00fchrt in Seminaren und Workshops in seine Arbeit als Schamane und traditioneller Heiler ein. Er nimmt die Teilnehmer mit in seine Welt, die keinen Krieg kennt und die Sch\u00f6nheit [&hellip;]<\/p>\n","protected":false},"author":12,"featured_media":0,"parent":0,"menu_order":0,"comment_status":"closed","ping_status":"closed","template":"","meta":{"footnotes":""},"class_list":["post-5694","page","type-page","status-publish","hentry"],"_links":{"self":[{"href":"https:\/\/icewisdom.com\/de\/wp-json\/wp\/v2\/pages\/5694","targetHints":{"allow":["GET"]}}],"collection":[{"href":"https:\/\/icewisdom.com\/de\/wp-json\/wp\/v2\/pages"}],"about":[{"href":"https:\/\/icewisdom.com\/de\/wp-json\/wp\/v2\/types\/page"}],"author":[{"embeddable":true,"href":"https:\/\/icewisdom.com\/de\/wp-json\/wp\/v2\/users\/12"}],"replies":[{"embeddable":true,"href":"https:\/\/icewisdom.com\/de\/wp-json\/wp\/v2\/comments?post=5694"}],"version-history":[{"count":14,"href":"https:\/\/icewisdom.com\/de\/wp-json\/wp\/v2\/pages\/5694\/revisions"}],"predecessor-version":[{"id":6372,"href":"https:\/\/icewisdom.com\/de\/wp-json\/wp\/v2\/pages\/5694\/revisions\/6372"}],"wp:attachment":[{"href":"https:\/\/icewisdom.com\/de\/wp-json\/wp\/v2\/media?parent=5694"}],"curies":[{"name":"wp","href":"https:\/\/api.w.org\/{rel}","templated":true}]}}