{"id":5680,"date":"2019-04-05T12:13:57","date_gmt":"2019-04-05T10:13:57","guid":{"rendered":"https:\/\/icewisdom.com\/de\/?page_id=5680"},"modified":"2022-11-13T16:14:59","modified_gmt":"2022-11-13T15:14:59","slug":"vortraege","status":"publish","type":"page","link":"https:\/\/icewisdom.com\/de\/vortraege\/","title":{"rendered":"Vortr\u00e4ge"},"content":{"rendered":"<section class=\"av_textblock_section \"  itemscope=\"itemscope\" itemtype=\"https:\/\/schema.org\/CreativeWork\" ><div class='avia_textblock  '   itemprop=\"text\" ><p><a href=\"https:\/\/icewisdom.com\/de\/wp-content\/uploads\/sites\/2\/2019\/04\/31337764_1801585639864065_2360992124461121536_n.jpg\"><img loading=\"lazy\" decoding=\"async\" class=\"alignleft wp-image-5707 size-medium\" src=\"https:\/\/icewisdom.com\/de\/wp-content\/uploads\/sites\/2\/2019\/04\/31337764_1801585639864065_2360992124461121536_n-300x300.jpg\" alt=\"\" width=\"300\" height=\"300\" srcset=\"https:\/\/icewisdom.com\/de\/wp-content\/uploads\/sites\/2\/2019\/04\/31337764_1801585639864065_2360992124461121536_n-300x300.jpg 300w, https:\/\/icewisdom.com\/de\/wp-content\/uploads\/sites\/2\/2019\/04\/31337764_1801585639864065_2360992124461121536_n-80x80.jpg 80w, https:\/\/icewisdom.com\/de\/wp-content\/uploads\/sites\/2\/2019\/04\/31337764_1801585639864065_2360992124461121536_n-768x769.jpg 768w, https:\/\/icewisdom.com\/de\/wp-content\/uploads\/sites\/2\/2019\/04\/31337764_1801585639864065_2360992124461121536_n-36x36.jpg 36w, https:\/\/icewisdom.com\/de\/wp-content\/uploads\/sites\/2\/2019\/04\/31337764_1801585639864065_2360992124461121536_n-180x180.jpg 180w, https:\/\/icewisdom.com\/de\/wp-content\/uploads\/sites\/2\/2019\/04\/31337764_1801585639864065_2360992124461121536_n-705x705.jpg 705w, https:\/\/icewisdom.com\/de\/wp-content\/uploads\/sites\/2\/2019\/04\/31337764_1801585639864065_2360992124461121536_n-120x120.jpg 120w, https:\/\/icewisdom.com\/de\/wp-content\/uploads\/sites\/2\/2019\/04\/31337764_1801585639864065_2360992124461121536_n-450x450.jpg 450w, https:\/\/icewisdom.com\/de\/wp-content\/uploads\/sites\/2\/2019\/04\/31337764_1801585639864065_2360992124461121536_n.jpg 959w\" sizes=\"auto, (max-width: 300px) 100vw, 300px\" \/><\/a><span class=\"av_dropcap1 \" >A<\/span>ngaangaq ist ein erfahrener Redner und Key Note Speaker bei\u00a0 internationalen Konferenzen. Er h\u00e4lt Vortr\u00e4ge in unterschiedlichsten Kontexten, wie Schulen, Universit\u00e4ten und wissenschaftlichen Kongressen, ebenso bei Unternehmen, Regierungsorganisationen oder spirituellen Konferenzen. Er spricht zu Umweltthemen, wie dem Klimawandel, spirituellen Angelegenheiten und indigenen Belangen.<\/p>\n<p>Immer ist es ihm ein Anliegen, Transformation und ein neues Verst\u00e4ndnis zu schaffen und bei den Zuh\u00f6rern ein Gef\u00fchl der Verbundenheit entstehen zu lassen.<\/p>\n<p>Sein Vortrag wird bei Bedarf konsekutiv ins Deutsche \u00fcbersetzt.<\/p>\n<p>Angaangaq war im M\u00e4rz 2019 Redner auf der Internationalen Konferenz des Vatikans zum Thema &#8222;Religionen und Nachhaltigkeitsziele&#8220;.<\/p>\n<p><a href=\"https:\/\/www.facebook.com\/watch\/?v=321982502002350\" target=\"_blank\" rel=\"noopener\">Video Angaangaq M\u00e4rz 2019, Konferenz im Vatikan zu &#8222;Religions and Sustainable Development Goals&#8220;<\/a><\/p>\n<p>Bevorstehende Vortr\u00e4ge finden sie <a href=\"https:\/\/icewisdom.com\/de\/event\/\" target=\"_blank\" rel=\"noopener\">hier.<\/a><\/p>\n<p>Kontakt f\u00fcr Vortragsanfragen: <a href=\"mailto:info@icewisdom.com\" target=\"_blank\" rel=\"noopener\">info@icewisdom.com<\/a><\/p>\n<div id=\"attachment_2711\" style=\"width: 610px\" class=\"wp-caption alignnone\"><a href=\"https:\/\/icewisdom.com\/de\/wp-content\/uploads\/sites\/2\/2011\/11\/SNieder_111124_454_q800.jpg\"><img loading=\"lazy\" decoding=\"async\" aria-describedby=\"caption-attachment-2711\" class=\"wp-image-2711 size-full\" src=\"https:\/\/icewisdom.com\/de\/wp-content\/uploads\/sites\/2\/2011\/11\/SNieder_111124_454_q800.jpg\" alt=\"Vortrag Angaangaq Angakkorsuaq, Foto: Sven Nieder\" width=\"600\" height=\"400\" srcset=\"https:\/\/icewisdom.com\/de\/wp-content\/uploads\/sites\/2\/2011\/11\/SNieder_111124_454_q800.jpg 600w, https:\/\/icewisdom.com\/de\/wp-content\/uploads\/sites\/2\/2011\/11\/SNieder_111124_454_q800-300x200.jpg 300w, https:\/\/icewisdom.com\/de\/wp-content\/uploads\/sites\/2\/2011\/11\/SNieder_111124_454_q800-450x300.jpg 450w\" sizes=\"auto, (max-width: 600px) 100vw, 600px\" \/><\/a><p id=\"caption-attachment-2711\" class=\"wp-caption-text\">Vortrag auf dem Kongress der DGPPN &#8211; Gesellschaft f\u00fcr Psychiatrie und Therapie, Psychosomatik und Nervenheilkunde in Berlin<\/p><\/div>\n<\/div><\/section>\n","protected":false},"excerpt":{"rendered":"","protected":false},"author":12,"featured_media":0,"parent":0,"menu_order":0,"comment_status":"closed","ping_status":"closed","template":"","meta":{"footnotes":""},"class_list":["post-5680","page","type-page","status-publish","hentry"],"_links":{"self":[{"href":"https:\/\/icewisdom.com\/de\/wp-json\/wp\/v2\/pages\/5680","targetHints":{"allow":["GET"]}}],"collection":[{"href":"https:\/\/icewisdom.com\/de\/wp-json\/wp\/v2\/pages"}],"about":[{"href":"https:\/\/icewisdom.com\/de\/wp-json\/wp\/v2\/types\/page"}],"author":[{"embeddable":true,"href":"https:\/\/icewisdom.com\/de\/wp-json\/wp\/v2\/users\/12"}],"replies":[{"embeddable":true,"href":"https:\/\/icewisdom.com\/de\/wp-json\/wp\/v2\/comments?post=5680"}],"version-history":[{"count":17,"href":"https:\/\/icewisdom.com\/de\/wp-json\/wp\/v2\/pages\/5680\/revisions"}],"predecessor-version":[{"id":8803,"href":"https:\/\/icewisdom.com\/de\/wp-json\/wp\/v2\/pages\/5680\/revisions\/8803"}],"wp:attachment":[{"href":"https:\/\/icewisdom.com\/de\/wp-json\/wp\/v2\/media?parent=5680"}],"curies":[{"name":"wp","href":"https:\/\/api.w.org\/{rel}","templated":true}]}}