{"id":2511,"date":"2014-02-17T16:19:11","date_gmt":"2014-02-17T14:19:11","guid":{"rendered":"http:\/\/icewisdom.org\/de\/?page_id=2511"},"modified":"2014-02-27T10:08:37","modified_gmt":"2014-02-27T08:08:37","slug":"maerz-2014-schamanische-reise","status":"publish","type":"page","link":"https:\/\/icewisdom.com\/de\/maerz-2014-schamanische-reise\/","title":{"rendered":"M\u00e4rz 2014: Schamanische Reise"},"content":{"rendered":"<div class='flex_column av-av_one_full-2a9015ff38129c418a3f2eafba3e9512 av_one_full  avia-builder-el-0  el_before_av_one_half  avia-builder-el-first  first flex_column_div '   ><section class=\"av_textblock_section \"  itemscope=\"itemscope\" itemtype=\"https:\/\/schema.org\/CreativeWork\" ><div class='avia_textblock  '   itemprop=\"text\" ><p style=\"text-align: left;\"><a href=\"https:\/\/icewisdom.com\/de\/wp-content\/uploads\/sites\/2\/2014\/02\/SNieder_110606_351_web.jpg\"><img loading=\"lazy\" decoding=\"async\" class=\"alignnone size-full wp-image-2515\" alt=\"SNieder_110606_351_web\" src=\"https:\/\/icewisdom.com\/de\/wp-content\/uploads\/sites\/2\/2014\/02\/SNieder_110606_351_web.jpg\" width=\"700\" height=\"300\" srcset=\"https:\/\/icewisdom.com\/de\/wp-content\/uploads\/sites\/2\/2014\/02\/SNieder_110606_351_web.jpg 700w, https:\/\/icewisdom.com\/de\/wp-content\/uploads\/sites\/2\/2014\/02\/SNieder_110606_351_web-300x128.jpg 300w, https:\/\/icewisdom.com\/de\/wp-content\/uploads\/sites\/2\/2014\/02\/SNieder_110606_351_web-450x192.jpg 450w\" sizes=\"auto, (max-width: 700px) 100vw, 700px\" \/><\/a><\/p>\n<h2 style=\"text-align: left;\"><strong>Schamanische Reise zum Gro\u00dfen Eis<br \/>\nauf dem Gipfel der Welt<br \/>\nvom 16.\u201325. M\u00e4rz 2014<br \/>\n<\/strong><\/h2>\n<div align=\"center\">\n<div>\n<p style=\"text-align: left;\"><strong>in die unber\u00fchrte Natur des Hohen Nordens<\/strong> <strong>zur\u00fcck zu uns selbst<\/strong><\/p>\n<p style=\"text-align: left;\">gef\u00fchrt von Angaangaq Angakkorsuaq,<br \/>\nSchamane, \u00c4ltester und Heiler aus Gr\u00f6nland<\/p>\n<ul style=\"text-align: left;\">\n<li style=\"text-align: left;\">Campen auf dem Gro\u00dfen Eis<\/li>\n<li style=\"text-align: left;\">Nordlichter<\/li>\n<li style=\"text-align: left;\">Spirituelle Wanderungen<\/li>\n<li style=\"text-align: left;\">Feuerzeremonie zur Feier des traditionellen Neujahrs in Gr\u00f6nland am 21. M\u00e4rz<\/li>\n<li style=\"text-align: left;\">Schlittenfahrt<\/li>\n<li style=\"text-align: left;\">Kreis mit \u00c4ltesten<\/li>\n<li style=\"text-align: left;\">Eish\u00f6hlen in unber\u00fchrter Natur<\/li>\n<\/ul>\n<\/div>\n<div style=\"text-align: left;\">\n<p>Am 21. M\u00e4rz beginnt in Gr\u00f6nland traditionell das Neue Jahr mit der R\u00fcckkehr der Sonne auf die n\u00f6rdliche Halbkugel.<br \/>\nWir wollen es gemeinsam begr\u00fc\u00dfen mit einer Feuerzeremonie an der St\u00e4tte des Heiligen Feuers am Gro\u00dfen Eis.<br \/>\nDas Gro\u00dfe Eis bewahrt seit Menschengedenken die Weisheit und die Geschichte unserer Mutter Erde. Nun, da das Eis so schnell schmilzt, gibt es die Weisheit an uns Menschen zur\u00fcck. Wir wollen mit dieser Reise an die Quelle dieses alten Wissens und an den Ursprung von uns selbst zur\u00fcckfinden.<br \/>\nIn Zeremonie und Feiern werden wir auf dem Gro\u00dfen Eis campen.<\/p>\n<p>Wir werden Eish\u00f6hlen besuchen. Wir werden im Schweigen auf dem Langen See wandern und nur mit uns selbst, unseren Gedanken und Herzen sein.<\/p>\n<blockquote>\n<p>Angaangaq sagt: Jedes Mal, wenn Du mit Deinem Herzen sprichst, wird sie immer zur\u00fccksprechen. Jetzt ist es f\u00fcr Dich und mich an der Zeit zu lernen, unserem Herzen zuzuh\u00f6ren.<\/p>\n<\/blockquote>\n<p>Wir werden nachts auf dem R\u00fccken liegen auf einer Anh\u00f6he und den tanzenden Nordlichtern zuschauen. In der gr\u00f6nl\u00e4ndischen \u00dcberlieferung sind die Nordlichter unsere Vorfahren, die vor Freude tanzen, wenn wir ihrer gedenken.<\/p>\n<p>Angaangaq wird uns auf eine spirituelle Wanderung mitnehmen auf den Qaqqarsuaq, wo Aanakasaap Illua gebaut werden wird, das Heilzentrum f\u00fcr die Eskimos und alle Nationen. Dort oben auf dem Gipfel des Qaqqarsuaq werden wir unsere Herzen verbinden und die Zeremonie f\u00fcr einen Neuanfang feiern.<\/p>\n<p>Diese unvergessliche Reise wird ausklingen mit einer Hundeschlittenfahrt auf dem Gro\u00dfen Fjord. Diese Reise in den Hohen Norden mit Angaangaq wird eine au\u00dfergew\u00f6hnliche und tiefe Erfahrung sein und eine Chance zur inneren Heilung. Es wird eine Reise der Freude sein, des Abenteuers, der Zeremonie und Verbindung.<\/p>\n<p>In der Stille und Ruhe des Gro\u00dfen Eises werden wir zu einer Reise aufbrechen in unser Herz und in neue Anf\u00e4nge.<\/p>\n<p>Kontakt:<br \/>\n<a href=\"mailto:shamanic.adventure@web.de\">shamanic.adventure@web.de<\/a><br \/>\n<a href=\"https:\/\/icewisdom.com\/de\/wp-content\/uploads\/sites\/2\/2014\/02\/SNieder_130128_2595_web.jpg\"><img loading=\"lazy\" decoding=\"async\" class=\"alignnone size-full wp-image-2517\" alt=\"SNieder_130128_2595_web\" src=\"https:\/\/icewisdom.com\/de\/wp-content\/uploads\/sites\/2\/2014\/02\/SNieder_130128_2595_web.jpg\" width=\"700\" height=\"467\" srcset=\"https:\/\/icewisdom.com\/de\/wp-content\/uploads\/sites\/2\/2014\/02\/SNieder_130128_2595_web.jpg 700w, https:\/\/icewisdom.com\/de\/wp-content\/uploads\/sites\/2\/2014\/02\/SNieder_130128_2595_web-300x200.jpg 300w, https:\/\/icewisdom.com\/de\/wp-content\/uploads\/sites\/2\/2014\/02\/SNieder_130128_2595_web-450x300.jpg 450w\" sizes=\"auto, (max-width: 700px) 100vw, 700px\" \/><\/a><\/p>\n<h2><\/h2>\n<h2>Reiseplan<\/h2>\n<p><strong>16. M\u00e4rz<br \/>\n<\/strong>Ankunft in Kopenhagen. Kreis und gemeinsames Abendessen.<br \/>\n(fr\u00fchere Ankunft f\u00fcr ein Wochenende in Kopenhagen m\u00f6glich)<\/p>\n<p><strong>17. M\u00e4rz<br \/>\n<\/strong>Am Morgen Abflug nach Kangerlussuaq<br \/>\nErkundung von Kangerlussuaq und Kreis mit \u00c4ltesten am Abend<\/p>\n<p><strong>18. \u2013 21. M\u00e4rz<br \/>\n<\/strong>Ankunft auf dem Gro\u00dfen Eis. Orientierung und Abendzeremonie.<br \/>\nWanderung auf dem Gro\u00dfen Eis. Besuch von Eish\u00f6hlen, Blick zu den Nordlichtern auf der Anh\u00f6he neben dem Camp.<br \/>\nSpirituelle Wanderung im Schweigen auf dem Langen See.<br \/>\nFeuer an der St\u00e4tte der Heiligen Feuerzeremonie 2009.<br \/>\nRat am Feuer.<\/p>\n<p><strong>21. M\u00e4rz<br \/>\n<\/strong>Neujahrsfeier an der Heiligen St\u00e4tte.<br \/>\nR\u00fcckkehr nach Kangerlussuaq am Nachmittag<\/p>\n<p><strong>22. M\u00e4rz<br \/>\n<\/strong>Qaqqarsuaq:<br \/>\nspirituelle Wanderung<br \/>\nZeremonie des Neuanfangs am Bauplatz des Heilzentrums Aanakasaap Illua<\/p>\n<p><strong>23. M\u00e4rz<\/strong><br \/>\nHundeschlittenfahrt auf dem Gro\u00dfen Fjord<br \/>\nPicknick und Gruppenaktivit\u00e4ten<br \/>\nAbschlusskreis am Abend<\/p>\n<p><strong>24. M\u00e4rz<\/strong><br \/>\nR\u00fcckflug nach Kopenhagen<\/p>\n<p><strong>25. M\u00e4rz<\/strong><br \/>\nHeimreise<\/p>\n<p><strong>Preis: ca. 2950 \u20ac<\/strong><\/p>\n<p>Kontakt: <a href=\"mailto:shamanic.adventure@web.de\" shape=\"rect\">shamanic.adventure@web.de<\/a><\/p>\n<\/div>\n<\/div>\n<\/div><\/section><\/div>\n<div class='flex_column av-av_one_half-2a9015ff38129c418a3f2eafba3e9512 av_one_half  avia-builder-el-2  el_after_av_one_full  el_before_av_one_half  first flex_column_div column-top-margin'   ><div  class='avia-button-wrap avia-button-left  avia-builder-el-3  avia-builder-el-no-sibling ' ><a href='https:\/\/icewisdom.com\/de\/wp-content\/uploads\/sites\/2\/2014\/02\/140200_icewisdom_anmeldeformular_groenland_2014_grosses_eis.pdf'  class='avia-button av-av_button-ecc38b5cbf5eaf019470f962cd48b096 avia-icon_select-yes-left-icon avia-size-medium avia-position-left avia-color-theme-color '  target=\"_blank\"  rel=\"noopener noreferrer\"><span class='avia_button_icon avia_button_icon_left' aria-hidden='true' data-av_icon='\ue82d' data-av_iconfont='entypo-fontello'><\/span><span class='avia_iconbox_title' >Anmeldeformular auf Deutsch herunterladen (PDF)<\/span><\/a><\/div><\/div><div class='flex_column av-av_one_half-61f1f3fb8a14755dafdb04b8bcedc67a av_one_half  avia-builder-el-4  el_after_av_one_half  avia-builder-el-last  flex_column_div column-top-margin'   ><div  class='avia-button-wrap avia-button-left  avia-builder-el-5  avia-builder-el-no-sibling ' ><a href='https:\/\/icewisdom.com\/de\/wp-content\/uploads\/sites\/2\/2014\/02\/140200_icewisdom_registration_greenland_2014_big_ice_en.pdf'  class='avia-button av-av_button-c485f0ae450a7ce6d3fcf9974b847e23 avia-icon_select-yes-left-icon avia-size-medium avia-position-left avia-color-theme-color '  target=\"_blank\"  rel=\"noopener noreferrer\"><span class='avia_button_icon avia_button_icon_left' aria-hidden='true' data-av_icon='\ue82d' data-av_iconfont='entypo-fontello'><\/span><span class='avia_iconbox_title' >Anmeldeformular auf Englisch herunterladen (PDF)<\/span><\/a><\/div><\/div><\/p>\n","protected":false},"excerpt":{"rendered":"","protected":false},"author":3,"featured_media":0,"parent":0,"menu_order":0,"comment_status":"open","ping_status":"open","template":"","meta":{"footnotes":""},"class_list":["post-2511","page","type-page","status-publish","hentry"],"_links":{"self":[{"href":"https:\/\/icewisdom.com\/de\/wp-json\/wp\/v2\/pages\/2511","targetHints":{"allow":["GET"]}}],"collection":[{"href":"https:\/\/icewisdom.com\/de\/wp-json\/wp\/v2\/pages"}],"about":[{"href":"https:\/\/icewisdom.com\/de\/wp-json\/wp\/v2\/types\/page"}],"author":[{"embeddable":true,"href":"https:\/\/icewisdom.com\/de\/wp-json\/wp\/v2\/users\/3"}],"replies":[{"embeddable":true,"href":"https:\/\/icewisdom.com\/de\/wp-json\/wp\/v2\/comments?post=2511"}],"version-history":[{"count":8,"href":"https:\/\/icewisdom.com\/de\/wp-json\/wp\/v2\/pages\/2511\/revisions"}],"predecessor-version":[{"id":2893,"href":"https:\/\/icewisdom.com\/de\/wp-json\/wp\/v2\/pages\/2511\/revisions\/2893"}],"wp:attachment":[{"href":"https:\/\/icewisdom.com\/de\/wp-json\/wp\/v2\/media?parent=2511"}],"curies":[{"name":"wp","href":"https:\/\/api.w.org\/{rel}","templated":true}]}}