{"id":2443,"date":"2014-02-16T16:04:35","date_gmt":"2014-02-16T14:04:35","guid":{"rendered":"http:\/\/icewisdom.org\/de\/?page_id=2443"},"modified":"2022-05-31T14:34:04","modified_gmt":"2022-05-31T12:34:04","slug":"aanakasaap-illua","status":"publish","type":"page","link":"https:\/\/icewisdom.com\/de\/aanakasaap-illua\/","title":{"rendered":"Das Heilzentrum &#8211; Aanakasaap Illua"},"content":{"rendered":"\n<div class='flex_column av-aibit7-3b40bd1f484340a71414b311d9928510 av_one_full first flex_column_div '   ><section class=\"av_textblock_section \"  itemscope=\"itemscope\" itemtype=\"https:\/\/schema.org\/CreativeWork\" ><div class='avia_textblock  '   itemprop=\"text\" ><div id=\"attachment_2454\" style=\"width: 710px\" class=\"wp-caption alignnone\"><a href=\"https:\/\/icewisdom.org\/de\/wp-content\/uploads\/sites\/2\/2014\/02\/SNieder_110604_374_web.jpg\"><img loading=\"lazy\" decoding=\"async\" aria-describedby=\"caption-attachment-2454\" class=\"size-full wp-image-2454\" alt=\"Grossen Berg, Qaqqarsuaq | Foto: Sven Nieder\" src=\"https:\/\/icewisdom.org\/de\/wp-content\/uploads\/sites\/2\/2014\/02\/SNieder_110604_374_web.jpg\" width=\"700\" height=\"300\" srcset=\"https:\/\/icewisdom.com\/de\/wp-content\/uploads\/sites\/2\/2014\/02\/SNieder_110604_374_web.jpg 700w, https:\/\/icewisdom.com\/de\/wp-content\/uploads\/sites\/2\/2014\/02\/SNieder_110604_374_web-300x128.jpg 300w, https:\/\/icewisdom.com\/de\/wp-content\/uploads\/sites\/2\/2014\/02\/SNieder_110604_374_web-450x192.jpg 450w\" sizes=\"auto, (max-width: 700px) 100vw, 700px\" \/><\/a><p id=\"caption-attachment-2454\" class=\"wp-caption-text\">Begehung mit Architekten auf dem grossen Berg Qaqqarsuaq. Hier soll das Heilzentrum Aanakasaap Illua entstehen.<\/p><\/div>\n<p class=\"size-medium wp-image-2454\"><span class=\"av_dropcap1 \" >A<\/span>anakasaap Illua (<em>Grossmutters Zuhause<\/em>) wird auf dem Qaqqarsuaq, dem Grossen Berg nahe Kangerlussuaq, entstehen. Aanakasaap Illua ist ein Heilzentrum, in welchem mit modernen und traditionellen Heilweisen Trauma, Sucht, weitere psychische Krankheiten und Zivilisationskrankheiten behandelt werden sollen. Gr\u00f6nland k\u00e4mpft mit einer sehr hohen Selbstmordrate und einer grossen Suchtproblematik in der Bev\u00f6lkerung. Diese Problematik hat ihre Wurzeln in der Zeit der d\u00e4nischen Kolonisation. Kinder wurden von ihren Familien getrennt und in d\u00e4nisch-christlich gef\u00fchrten Heimen aufgezogen. Die Sprache Kalaallisut (Gr\u00f6nl\u00e4ndisch) wurde verboten, die Aus\u00fcbung alter Kultur und Tradition untersagt. Hier begann die Entwurzelung einer ganzen Nation, deren Folgen sich heute in fehlendem kulturellem Halt, Selbstentfremdung, Sucht und einer hohen Selbstmordrate widerspiegeln.<br \/>\nVor Ort gibt es heute kaum Therapiem\u00f6glichkeiten. Aanakasaap Illua will deshalb den Kalaallit (Gr\u00f6nl\u00e4nderInnen) ihr altes Heilwissen, ihre Traditionen, ihre Zeremonien wieder zug\u00e4nglich machen. \u201eDas Leben ist eine Zeremonie, wert, mit einer Zeremonie gefeiert zu werden\u201c, wie bereits Angaangaqs Grossmutter sagte. Traditionelle Heilmethoden wie Schlammb\u00e4der, Schwitzh\u00fctten, Spirituelle Wanderungen und Zeremonien werden Hand in Hand mit modernsten Methoden in der Behandlung von Abh\u00e4ngigkeitskranken angewendet. Dieser neue, verbindende Ansatz wird medizinisch-wissenschaftlich begleitet und evaluiert werden.<br \/>\nAanakasaap Illua wird auf dem Grossen Berg, Qaqqarsuaq, entstehen. Ein Ort unber\u00fchrter Natur erf\u00e4hrt eine Wandlung. Das Geb\u00e4ude wird in autarker, CO2-neutraler Weise gebaut und betrieben. Jede bauliche Massnahme wird h\u00f6chsten Anspr\u00fcchen an Umweltvertr\u00e4glichkeit gen\u00fcgen m\u00fcssen.<\/p>\n<div id=\"attachment_2452\" style=\"width: 310px\" class=\"wp-caption alignright\"><a href=\"https:\/\/icewisdom.org\/de\/wp-content\/uploads\/sites\/2\/2014\/02\/SNieder_110215_182_web.jpg\"><img loading=\"lazy\" decoding=\"async\" aria-describedby=\"caption-attachment-2452\" class=\"size-medium wp-image-2452 \" alt=\"Entwurf Heilzentrum in Gr\u00f6nland |\u00a0Foto: Sven Nieder\" src=\"https:\/\/icewisdom.org\/de\/wp-content\/uploads\/sites\/2\/2014\/02\/SNieder_110215_182_web-300x200.jpg\" width=\"300\" height=\"200\" srcset=\"https:\/\/icewisdom.com\/de\/wp-content\/uploads\/sites\/2\/2014\/02\/SNieder_110215_182_web-300x200.jpg 300w, https:\/\/icewisdom.com\/de\/wp-content\/uploads\/sites\/2\/2014\/02\/SNieder_110215_182_web-450x300.jpg 450w, https:\/\/icewisdom.com\/de\/wp-content\/uploads\/sites\/2\/2014\/02\/SNieder_110215_182_web.jpg 700w\" sizes=\"auto, (max-width: 300px) 100vw, 300px\" \/><\/a><p id=\"caption-attachment-2452\" class=\"wp-caption-text\">Besprechung erster Entw\u00fcrfe an der Technischen Universit\u00e4t in M\u00fcnchen.<\/p><\/div>\n<p class=\"size-medium wp-image-2454\">Der Geb\u00e4udekomplex beinhaltet neben dem Heilzentrum eine landwirtschaftliche Zone. Landwirtschaft auf Gr\u00f6nland wird zur Zeit erst im S\u00fcden betrieben. Temperaturen bis minus 50\u00b0C und herausfordernde Lichtverh\u00e4ltnisse, besonders in den dunklen Monaten des Winters, fordern auf, mit Innovation und neuster Technologie L\u00f6sungen zu finden. Geplant ist eine nachhaltige, schonende Indoor- Landwirtschaft, in welcher Pflanzen in Hydrokulturen wachsen k\u00f6nnen. Die Produktion von Gem\u00fcse und Fr\u00fcchten ist in den Therapieprozess integriert. Die Patienten werden jeden Morgen in Zeremonie die Pflanzen pflegen. Sie werden deren Wachstum verfolgen und darin ihre eigene Entwicklung erkennen. Sie werden Achtsamkeit und Pflege im \u00c4usseren leben und wahrnehmen, wie dabei ihr Herz warm wird. Sie werden lernen, wie Pflanzen gedeihen und dieses Wissen in ihre D\u00f6rfer und Familien bringen \u2013 und so in Zukunft weniger abh\u00e4ngig von teurem Import-Gem\u00fcse sein.<\/p>\n<p><strong>Absicht I<\/strong><br \/>\nDie Schaffung eines Heilzentrums in Gr\u00f6nland, welches mit traditionellen und modernen Therapieans\u00e4tzen Zivilisationskrankheiten, Trauma, Sucht und weitere psychische Krankheiten behandelt.<br \/>\nEs sollen rund 200 Betten zur Verf\u00fcgung stehen.<br \/>\nEin Team erfahrener Wissenschaftler begleitet das Projekt und \u00fcberpr\u00fcft Effizienz und Wirksamkeit der therapeutischen Methoden und deren Kombination.<\/p>\n<p>\n<style type=\"text\/css\" data-created_by=\"avia_inline_auto\" id=\"style-css-av-70brrv-b845920854b8e87330ec19cd04a1aadc\">\n.av_font_icon.av-70brrv-b845920854b8e87330ec19cd04a1aadc .av-icon-char{\nfont-size:1em;\nline-height:1em;\n}\n<\/style>\n<span  class=\"av_font_icon av-70brrv-b845920854b8e87330ec19cd04a1aadc avia_animate_when_visible av-icon-style- avia-icon-pos-left av-no-color avia-icon-animate \"><span class='av-icon-char' aria-hidden='true' data-av_icon='\ue889' data-av_iconfont='entypo-fontello' ><\/span><\/span> Aanakasaap Illua f\u00f6rdert einen gesunden und erfolgreichen Lebensstil.<\/p>\n<p><strong>Absicht II<\/strong><br \/>\nDas Zentrum f\u00f6rdert die Entwicklung einer nachhaltigen Landwirtschaft. Es finanziert sich teilweise selbst durch den Verkauf landwirtschaftlicher Erzeugnisse. Die Mitarbeit im Landwirtschaftsbetrieb ist auch Teil des Therapieprozesses.<br \/>\nDas Zentrum wird gebaut und unterhalten gem\u00e4ss der aktuellsten Methoden nachhaltiger und autarker Architektur und Geb\u00e4udebewirtschaftung.<br \/>\n\n<style type=\"text\/css\" data-created_by=\"avia_inline_auto\" id=\"style-css-av-6kas63-e922517c352ed8f1489913619c480297\">\n.av_font_icon.av-6kas63-e922517c352ed8f1489913619c480297 .av-icon-char{\nfont-size:1em;\nline-height:1em;\n}\n<\/style>\n<span  class=\"av_font_icon av-6kas63-e922517c352ed8f1489913619c480297 avia_animate_when_visible av-icon-style- avia-icon-pos-left av-no-color avia-icon-animate \"><span class='av-icon-char' aria-hidden='true' data-av_icon='\ue889' data-av_iconfont='entypo-fontello' ><\/span><\/span> Aanakasaap Illua unterst\u00fctzt die Umsetzung einer nachhaltigen Landwirtschaft in Gr\u00f6nland.<\/p>\n<p><!--\nP { margin-bottom: 0.21cm; direction: ltr; color: rgb(0, 0, 0); widows: 2; orphans: 2; }P.western { font-family: \"Times New Roman\",serif; font-size: 12pt; }P.cjk { font-family: \"Times New Roman\",serif; font-size: 12pt; }P.ctl { font-family: \"Times New Roman\",serif; font-size: 12pt; }A:link { color: rgb(0, 0, 255); }\n--><strong>Absicht III<br \/>\n<\/strong>Das Zentrum bietet f\u00fcr Menschen mit Interesse an Natur, Kultur und Erholung ein erstklassiges Hotel. Das Hotel selbst ist ein Ort der Kraft und bietet als\u00a0Schulungs- und Seminar-Hotel Inspiration\u00a0im Bereich traditionelles Heilwissen sowie in nachhaltiger Medizin und Landwirtschaft.<\/p>\n<p>\n<style type=\"text\/css\" data-created_by=\"avia_inline_auto\" id=\"style-css-av-46i7wb-bcca42feda9537c6ec0f172adb29c9e9\">\n.av_font_icon.av-46i7wb-bcca42feda9537c6ec0f172adb29c9e9 .av-icon-char{\nfont-size:1em;\nline-height:1em;\n}\n<\/style>\n<span  class=\"av_font_icon av-46i7wb-bcca42feda9537c6ec0f172adb29c9e9 avia_animate_when_visible av-icon-style- avia-icon-pos-left av-no-color avia-icon-animate \"><span class='av-icon-char' aria-hidden='true' data-av_icon='\ue889' data-av_iconfont='entypo-fontello' ><\/span><\/span> Aanakasaap Illua ist ein Ort der Inspiration und Regeneration f\u00fcr Menschen aus der ganzen Welt.<\/p>\n<\/div><\/section><\/div>\n<div  class='av_promobox av-2ltbob-da77a603681a3e571c42ccc613c36a1d avia-button-yes '><div class='avia-promocontent'><p>\nHier finden sie ein kurzes Interview von DRadio Wissen mit Angaangaq und Prof. Dr Peter Falkai mit dem Titel \u00bbAtlernative Therapien \u2013 Schamane bringt den Spirit zur\u00fcck\u00ab<\/p>\n<\/div><div  class='avia-button-wrap avia-button-right ' ><a href='https:\/\/www.dradiowissen.de\/alternative-therapie-schamane-bringt-den-spirit-zurueck.35.de.html?dram:article_id=13870'  class='avia-button av-2ltbob-34203be500f9d76fe4420cae7601185a avia-icon_select-yes-left-icon avia-size-large avia-position-right avia-color-theme-color ' ><span class='avia_button_icon avia_button_icon_left' aria-hidden='true' data-av_icon='\ue85e' data-av_iconfont='entypo-fontello'><\/span><span class='avia_iconbox_title' >Interview anh\u00f6ren<\/span><\/a><\/div><\/div>\n","protected":false},"excerpt":{"rendered":"","protected":false},"author":3,"featured_media":0,"parent":0,"menu_order":0,"comment_status":"open","ping_status":"open","template":"","meta":{"footnotes":""},"class_list":["post-2443","page","type-page","status-publish","hentry"],"_links":{"self":[{"href":"https:\/\/icewisdom.com\/de\/wp-json\/wp\/v2\/pages\/2443","targetHints":{"allow":["GET"]}}],"collection":[{"href":"https:\/\/icewisdom.com\/de\/wp-json\/wp\/v2\/pages"}],"about":[{"href":"https:\/\/icewisdom.com\/de\/wp-json\/wp\/v2\/types\/page"}],"author":[{"embeddable":true,"href":"https:\/\/icewisdom.com\/de\/wp-json\/wp\/v2\/users\/3"}],"replies":[{"embeddable":true,"href":"https:\/\/icewisdom.com\/de\/wp-json\/wp\/v2\/comments?post=2443"}],"version-history":[{"count":14,"href":"https:\/\/icewisdom.com\/de\/wp-json\/wp\/v2\/pages\/2443\/revisions"}],"predecessor-version":[{"id":7788,"href":"https:\/\/icewisdom.com\/de\/wp-json\/wp\/v2\/pages\/2443\/revisions\/7788"}],"wp:attachment":[{"href":"https:\/\/icewisdom.com\/de\/wp-json\/wp\/v2\/media?parent=2443"}],"curies":[{"name":"wp","href":"https:\/\/api.w.org\/{rel}","templated":true}]}}