{"id":2424,"date":"2014-02-16T14:21:07","date_gmt":"2014-02-16T12:21:07","guid":{"rendered":"http:\/\/icewisdom.org\/de\/?page_id=2424"},"modified":"2023-10-16T16:29:23","modified_gmt":"2023-10-16T14:29:23","slug":"stammesaelteste","status":"publish","type":"page","link":"https:\/\/icewisdom.com\/de\/icewisdom\/stammesaelteste\/","title":{"rendered":"Stammes\u00e4lteste"},"content":{"rendered":"<div class='flex_column av-igvnyw-ce19f9341320a04858752f778425a6a0 av_one_full  avia-builder-el-0  el_before_av_one_full  avia-builder-el-first  first flex_column_div '   ><section class=\"av_textblock_section \"  itemscope=\"itemscope\" itemtype=\"https:\/\/schema.org\/CreativeWork\" ><div class='avia_textblock  '   itemprop=\"text\" ><div id=\"attachment_2429\" style=\"width: 710px\" class=\"wp-caption alignnone\"><a href=\"https:\/\/icewisdom.org\/de\/wp-content\/uploads\/sites\/2\/2014\/02\/SNieder_120915_0433_web.jpg\"><img loading=\"lazy\" decoding=\"async\" aria-describedby=\"caption-attachment-2429\" class=\"size-full wp-image-2429\" src=\"https:\/\/icewisdom.org\/de\/wp-content\/uploads\/sites\/2\/2014\/02\/SNieder_120915_0433_web.jpg\" alt=\"Gr\u00f6nl\u00e4ndische Stammes\u00e4lteste |\u00a0Foto: Sven Nieder\" width=\"700\" height=\"300\" srcset=\"https:\/\/icewisdom.com\/de\/wp-content\/uploads\/sites\/2\/2014\/02\/SNieder_120915_0433_web.jpg 700w, https:\/\/icewisdom.com\/de\/wp-content\/uploads\/sites\/2\/2014\/02\/SNieder_120915_0433_web-300x128.jpg 300w, https:\/\/icewisdom.com\/de\/wp-content\/uploads\/sites\/2\/2014\/02\/SNieder_120915_0433_web-450x192.jpg 450w\" sizes=\"auto, (max-width: 700px) 100vw, 700px\" \/><\/a><p id=\"caption-attachment-2429\" class=\"wp-caption-text\">Die gr\u00f6nl\u00e4ndischen Stammes\u00e4ltesten Nukartaa, Atsaarsuaq Hansiina und Akkaaraq mit Angaangaq auf der internationalen Veranstaltung \u00bbGr\u00f6nlands Weisheit\u00ab in M\u00fcnchen<\/p><\/div>\n<\/div><\/section><\/div>\n<div class='flex_column av-fhi50o-72cff2c7871ceef3a63594e299594f24 av_one_full  avia-builder-el-2  el_after_av_one_full  el_before_av_one_full  first flex_column_div column-top-margin'   ><p>\n<style type=\"text\/css\" data-created_by=\"avia_inline_auto\" id=\"style-css-av-4qgo2w-fef378788f35bec74596a78663665465\">\n#top .av-special-heading.av-4qgo2w-fef378788f35bec74596a78663665465{\npadding-bottom:10px;\n}\n<\/style>\n<div  class='av-special-heading av-4qgo2w-fef378788f35bec74596a78663665465 av-special-heading-h3 blockquote modern-quote  avia-builder-el-3  el_before_av_textblock  avia-builder-el-first  '><h3 class='av-special-heading-tag '  itemprop=\"headline\"  >Atsaarsuaq Hansiina<\/h3><div class='special-heading-border'><div class='special-heading-inner-border'><\/div><\/div><\/div><br \/>\n<section class=\"av_textblock_section \"  itemscope=\"itemscope\" itemtype=\"https:\/\/schema.org\/CreativeWork\" ><div class='avia_textblock  '   itemprop=\"text\" ><p><a href=\"https:\/\/icewisdom.org\/de\/wp-content\/uploads\/sites\/2\/2014\/02\/SNieder_110526_316_web.jpg\"><img loading=\"lazy\" decoding=\"async\" class=\"size-full wp-image-2431 alignleft\" src=\"https:\/\/icewisdom.org\/de\/wp-content\/uploads\/sites\/2\/2014\/02\/SNieder_110526_316_web.jpg\" alt=\"Portrait Hansiine |\u00a0Foto: Sven Nieder\" width=\"300\" height=\"300\" srcset=\"https:\/\/icewisdom.com\/de\/wp-content\/uploads\/sites\/2\/2014\/02\/SNieder_110526_316_web.jpg 300w, https:\/\/icewisdom.com\/de\/wp-content\/uploads\/sites\/2\/2014\/02\/SNieder_110526_316_web-80x80.jpg 80w, https:\/\/icewisdom.com\/de\/wp-content\/uploads\/sites\/2\/2014\/02\/SNieder_110526_316_web-36x36.jpg 36w, https:\/\/icewisdom.com\/de\/wp-content\/uploads\/sites\/2\/2014\/02\/SNieder_110526_316_web-180x180.jpg 180w, https:\/\/icewisdom.com\/de\/wp-content\/uploads\/sites\/2\/2014\/02\/SNieder_110526_316_web-120x120.jpg 120w\" sizes=\"auto, (max-width: 300px) 100vw, 300px\" \/><\/a><span class=\"av_dropcap1 \" >D<\/span>ie gr\u00f6nl\u00e4ndische Stammes\u00e4lteste Atsaarsuaq Hansiina wurde 1927 geboren. Atsaarsuaq bedeutet Gro\u00dftante, und sie m\u00f6chte die Gro\u00dftante f\u00fcr die Menschen aller Welt sein. Im Juli 2009 f\u00fchrte sie die Frauen an, als zum ersten Mal seit Tausenden von Jahren mit dem traditionellen Frauenmesser sorgsam \u00c4ste geschnitten wurden. Still zogen die Frauen aus, freudig kehrten sie wieder und brachten die \u00c4ste zur Feuerstelle. Atsaarsuaq Hansiina go\u00df flammendes \u00d6l von der traditionellen Robben\u00f6llampe auf die \u00c4ste und entfachte so das Heilige Feuer. Dank des Klimawandels wachsen in Gr\u00f6nland die B\u00e4ume, so dass nun das Heilige Feuer zur\u00fcckkehrte zu den Menschen des Hohen Nordens. So lautete die m\u00fcndlich \u00fcberlieferte Prophezeiung. Im Juli 2019 hat Atsaarsuaq ihre Reise in die andere Welt angetreten.<\/p>\n<\/div><\/section><\/p><\/div>\n<div class='flex_column av-as86aw-25d88411ba8bc9c72299652d749bba88 av_one_full  avia-builder-el-5  el_after_av_one_full  el_before_av_one_full  first flex_column_div column-top-margin'   ><p>\n<style type=\"text\/css\" data-created_by=\"avia_inline_auto\" id=\"style-css-av-4rce20-26bb7b9f5ea1555e8291801f64748813\">\n#top .av-special-heading.av-4rce20-26bb7b9f5ea1555e8291801f64748813{\npadding-bottom:10px;\n}\n<\/style>\n<div  class='av-special-heading av-4rce20-26bb7b9f5ea1555e8291801f64748813 av-special-heading-h3 blockquote modern-quote  avia-builder-el-6  el_before_av_textblock  avia-builder-el-first  '><h3 class='av-special-heading-tag '  itemprop=\"headline\"  >Akkaaraq<\/h3><div class='special-heading-border'><div class='special-heading-inner-border'><\/div><\/div><\/div><br \/>\n<section class=\"av_textblock_section \"  itemscope=\"itemscope\" itemtype=\"https:\/\/schema.org\/CreativeWork\" ><div class='avia_textblock  '   itemprop=\"text\" ><p><a href=\"https:\/\/icewisdom.org\/de\/wp-content\/uploads\/sites\/2\/2014\/02\/SNieder_110711_849_web.jpg\"><img loading=\"lazy\" decoding=\"async\" class=\"size-full wp-image-2437 alignleft\" src=\"https:\/\/icewisdom.org\/de\/wp-content\/uploads\/sites\/2\/2014\/02\/SNieder_110711_849_web.jpg\" alt=\"Akaaraq Portrait | Foto: Sven Nieder\" width=\"300\" height=\"300\" srcset=\"https:\/\/icewisdom.com\/de\/wp-content\/uploads\/sites\/2\/2014\/02\/SNieder_110711_849_web.jpg 300w, https:\/\/icewisdom.com\/de\/wp-content\/uploads\/sites\/2\/2014\/02\/SNieder_110711_849_web-80x80.jpg 80w, https:\/\/icewisdom.com\/de\/wp-content\/uploads\/sites\/2\/2014\/02\/SNieder_110711_849_web-36x36.jpg 36w, https:\/\/icewisdom.com\/de\/wp-content\/uploads\/sites\/2\/2014\/02\/SNieder_110711_849_web-180x180.jpg 180w, https:\/\/icewisdom.com\/de\/wp-content\/uploads\/sites\/2\/2014\/02\/SNieder_110711_849_web-120x120.jpg 120w\" sizes=\"auto, (max-width: 300px) 100vw, 300px\" \/><\/a><span class=\"av_dropcap1 \" >A<\/span>kkaaraq ist Stammes\u00e4ltester und J\u00e4ger aus Gr\u00f6nland. Er wurde 1931 in eine Welt hinein geboren, die ganz in Einheit mit der Natur lebte. Er wuchs mit der seit Generationen m\u00fcndlich \u00fcberlieferten Prophezeiung heran: \u00bbEines Tages, wenn die Welt es am n\u00f6tigsten hat, kehrt das Heilige Feuer zur\u00fcck zu den Menschen auf dem Gipfel der Welt\u00ab. Nie h\u00e4tte er gedacht, dass er die Erf\u00fcllung der Prophezeiung erleben werde. Im Juli 2009 f\u00fchrte er die M\u00e4nner an, den Boden des Heiligen Feuers mit \u00fcber 200 S\u00e4ckchen Asche zu belegen und das Feuer vorzubereiten. Diese Asche wurde von Heiligen Feuern aus der ganzen Welt nach Gr\u00f6nland gesandt. Akkaaraq ist im Jahr 2016 in die n\u00e4chste Welt weitergereist.<\/p>\n<\/div><\/section><\/p><\/div>\n<div class='flex_column av-6hmz2w-8cc839ea7441f9c221f21b766de59cbc av_one_full  avia-builder-el-8  el_after_av_one_full  el_before_av_one_full  first flex_column_div column-top-margin'   ><p>\n<style type=\"text\/css\" data-created_by=\"avia_inline_auto\" id=\"style-css-av-5s6oyw-b0507f1ae155dbef8d1d7b84944ab0cb\">\n#top .av-special-heading.av-5s6oyw-b0507f1ae155dbef8d1d7b84944ab0cb{\npadding-bottom:10px;\n}\n<\/style>\n<div  class='av-special-heading av-5s6oyw-b0507f1ae155dbef8d1d7b84944ab0cb av-special-heading-h3 blockquote modern-quote  avia-builder-el-9  el_before_av_textblock  avia-builder-el-first  '><h3 class='av-special-heading-tag '  itemprop=\"headline\"  >Nukartaa<\/h3><div class='special-heading-border'><div class='special-heading-inner-border'><\/div><\/div><\/div><br \/>\n<section class=\"av_textblock_section \"  itemscope=\"itemscope\" itemtype=\"https:\/\/schema.org\/CreativeWork\" ><div class='avia_textblock  '   itemprop=\"text\" ><p><a href=\"https:\/\/icewisdom.org\/de\/wp-content\/uploads\/sites\/2\/2014\/02\/SNieder_110711_751_web.jpg\"><img loading=\"lazy\" decoding=\"async\" class=\"size-full wp-image-2438 alignleft\" src=\"https:\/\/icewisdom.org\/de\/wp-content\/uploads\/sites\/2\/2014\/02\/SNieder_110711_751_web.jpg\" alt=\"Nukaarta |\u00a0Foto: Sven Nieder\" width=\"300\" height=\"300\" srcset=\"https:\/\/icewisdom.com\/de\/wp-content\/uploads\/sites\/2\/2014\/02\/SNieder_110711_751_web.jpg 300w, https:\/\/icewisdom.com\/de\/wp-content\/uploads\/sites\/2\/2014\/02\/SNieder_110711_751_web-80x80.jpg 80w, https:\/\/icewisdom.com\/de\/wp-content\/uploads\/sites\/2\/2014\/02\/SNieder_110711_751_web-36x36.jpg 36w, https:\/\/icewisdom.com\/de\/wp-content\/uploads\/sites\/2\/2014\/02\/SNieder_110711_751_web-180x180.jpg 180w, https:\/\/icewisdom.com\/de\/wp-content\/uploads\/sites\/2\/2014\/02\/SNieder_110711_751_web-120x120.jpg 120w\" sizes=\"auto, (max-width: 300px) 100vw, 300px\" \/><\/a><span class=\"av_dropcap1 \" >A<\/span>ls junger Mann hat Nukartaa die Weltmeere bereist und spa\u0308ter angehende Seeleute in Navigation unterrichtet. Er ist \u00c4ltester f\u00fcr den europ\u00e4ischen Icewisdom <a href=\"https:\/\/icewisdom.com\/de\/tuukkaq-kreis\/\" target=\"_blank\" rel=\"noopener\">Tuukkaq- Kreis<\/a>.<\/p>\n<\/div><\/section><\/p><\/div>\n<div class='flex_column av-6hmz2w-8cc839ea7441f9c221f21b766de59cbc av_one_full  avia-builder-el-11  el_after_av_one_full  el_before_av_one_full  first flex_column_div column-top-margin'   ><p>\n<style type=\"text\/css\" data-created_by=\"avia_inline_auto\" id=\"style-css-av-36ocp4-0ba5322e961aa5b3705aedba85a430cf\">\n#top .av-special-heading.av-36ocp4-0ba5322e961aa5b3705aedba85a430cf{\npadding-bottom:10px;\n}\n<\/style>\n<div  class='av-special-heading av-36ocp4-0ba5322e961aa5b3705aedba85a430cf av-special-heading-h3 blockquote modern-quote  avia-builder-el-12  el_before_av_textblock  avia-builder-el-first  '><h3 class='av-special-heading-tag '  itemprop=\"headline\"  >Adam<\/h3><div class='special-heading-border'><div class='special-heading-inner-border'><\/div><\/div><\/div><br \/>\n<section class=\"av_textblock_section \"  itemscope=\"itemscope\" itemtype=\"https:\/\/schema.org\/CreativeWork\" ><div class='avia_textblock  '   itemprop=\"text\" ><p><a href=\"https:\/\/icewisdom.com\/de\/wp-content\/uploads\/sites\/2\/2021\/02\/Adam-1-300x225-1.jpg\"><img loading=\"lazy\" decoding=\"async\" class=\"alignleft wp-image-7899 size-full\" src=\"https:\/\/icewisdom.com\/de\/wp-content\/uploads\/sites\/2\/2021\/02\/Adam-1-300x225-1.jpg\" alt=\"\" width=\"300\" height=\"225\" \/><\/a><span class=\"av_dropcap1 \" >A<\/span><\/p>\n<p>dam ist professioneller Wanderf\u00fchrer in Gr\u00f6nland. Niemand Anderer hat das &#8222;Gro\u00dfe Eis&#8220; in der N\u00e4he von Kangerlussuaq \u00f6fter besucht als er. Er tr\u00e4gt tiefes Wissen \u00fcber Pflanzen und Tiere, das Eis und die Ver\u00e4nderungen, die in Gr\u00f6nland seit vielen Jahren geschehen. Im Sommer 2017 wurde er \u00c4ltester f\u00fcr den Europ\u00e4ischen &#8222;<a href=\"https:\/\/icewisdom.com\/de\/tuukkaq-kreis\/\" target=\"_blank\" rel=\"noopener\">Tuukkaq Kreis<\/a>&#8222;.<\/p>\n<\/div><\/section><\/p><\/div>\n\n<style type=\"text\/css\" data-created_by=\"avia_inline_auto\" id=\"style-css-av-2ew9m0-2cb560df82cf26d28e69153228f145a0\">\n.flex_column.av-2ew9m0-2cb560df82cf26d28e69153228f145a0{\nborder-radius:0px 0px 0px 0px;\n-webkit-border-radius:0px 0px 0px 0px;\n-moz-border-radius:0px 0px 0px 0px;\n}\n<\/style>\n<div class='flex_column av-2ew9m0-2cb560df82cf26d28e69153228f145a0 av_one_full  avia-builder-el-14  el_after_av_one_full  el_before_av_one_full  first flex_column_div av-zero-column-padding column-top-margin'   ><p>\n<style type=\"text\/css\" data-created_by=\"avia_inline_auto\" id=\"style-css-av-kievngr0-d8777986d6cddbf63e7e6f5765a9c864\">\n#top .av-special-heading.av-kievngr0-d8777986d6cddbf63e7e6f5765a9c864{\npadding-bottom:10px;\n}\n<\/style>\n<div  class='av-special-heading av-kievngr0-d8777986d6cddbf63e7e6f5765a9c864 av-special-heading-h3 blockquote modern-quote  avia-builder-el-15  el_before_av_textblock  avia-builder-el-first  '><h3 class='av-special-heading-tag '  itemprop=\"headline\"  >Mannarsi<\/h3><div class='special-heading-border'><div class='special-heading-inner-border'><\/div><\/div><\/div><br \/>\n<section class=\"av_textblock_section \"  itemscope=\"itemscope\" itemtype=\"https:\/\/schema.org\/CreativeWork\" ><div class='avia_textblock  '   itemprop=\"text\" ><p><a href=\"https:\/\/icewisdom.com\/de\/wp-content\/uploads\/sites\/2\/2020\/12\/Manassi-1.jpg\"><img loading=\"lazy\" decoding=\"async\" class=\"alignleft wp-image-7468 size-medium\" src=\"https:\/\/icewisdom.com\/de\/wp-content\/uploads\/sites\/2\/2020\/12\/Manassi-1-300x225.jpg\" alt=\"\" width=\"300\" height=\"225\" srcset=\"https:\/\/icewisdom.com\/de\/wp-content\/uploads\/sites\/2\/2020\/12\/Manassi-1-300x225.jpg 300w, https:\/\/icewisdom.com\/de\/wp-content\/uploads\/sites\/2\/2020\/12\/Manassi-1-1030x773.jpg 1030w, https:\/\/icewisdom.com\/de\/wp-content\/uploads\/sites\/2\/2020\/12\/Manassi-1-768x576.jpg 768w, https:\/\/icewisdom.com\/de\/wp-content\/uploads\/sites\/2\/2020\/12\/Manassi-1-705x529.jpg 705w, https:\/\/icewisdom.com\/de\/wp-content\/uploads\/sites\/2\/2020\/12\/Manassi-1.jpg 1110w\" sizes=\"auto, (max-width: 300px) 100vw, 300px\" \/><\/a><span class=\"av_dropcap1 \" >M<\/span>annarsi Sapiitsoq h\u00f6rte im Jahr 2009 \u00fcber die &#8222;Feuer und Eis-Zeremonie&#8220; und wanderte 5 Tage lang von Sisimiut bis nach Kangerlussuaq, um daran teilzunehmen. Seitdem unterst\u00fctzt er Menschen im Sommercamp an der &#8222;Heiligen St\u00e4tte&#8220;. Im Sommer 2019 wurde er \u00c4ltester f\u00fcr den &#8222;<a href=\"https:\/\/icewisdom.com\/de\/tuukkaq-kreis\/\" target=\"_blank\" rel=\"noopener\">Europ\u00e4ischen Tuukkaq Kreis<\/a>&#8222;. Im Dezember 2020 wurde er Ehrenb\u00fcrger von Kangerlussuaq.<\/p>\n<\/div><\/section><\/p><\/div>\n\n<style type=\"text\/css\" data-created_by=\"avia_inline_auto\" id=\"style-css-av-292nbc-dd6b9a9400aa0e760f8d0583d5e29df8\">\n.flex_column.av-292nbc-dd6b9a9400aa0e760f8d0583d5e29df8{\nborder-radius:0px 0px 0px 0px;\n-webkit-border-radius:0px 0px 0px 0px;\n-moz-border-radius:0px 0px 0px 0px;\n}\n<\/style>\n<div class='flex_column av-292nbc-dd6b9a9400aa0e760f8d0583d5e29df8 av_one_full  avia-builder-el-17  el_after_av_one_full  el_before_av_textblock  first flex_column_div av-zero-column-padding column-top-margin'   ><style type=\"text\/css\" data-created_by=\"avia_inline_auto\" id=\"style-css-av-kinca5cc-dbf5268bf38cf438d08987b5224b571f\">\n#top .av-special-heading.av-kinca5cc-dbf5268bf38cf438d08987b5224b571f{\npadding-bottom:10px;\n}\n<\/style>\n<div  class='av-special-heading av-kinca5cc-dbf5268bf38cf438d08987b5224b571f av-special-heading-h3 blockquote modern-quote  avia-builder-el-18  avia-builder-el-no-sibling  '><h3 class='av-special-heading-tag '  itemprop=\"headline\"  >Ningijoq Saamasoq<\/h3><div class='special-heading-border'><div class='special-heading-inner-border'><\/div><\/div><\/div><\/div>\n<section class=\"av_textblock_section \"  itemscope=\"itemscope\" itemtype=\"https:\/\/schema.org\/CreativeWork\" ><div class='avia_textblock  '   itemprop=\"text\" ><p><a href=\"https:\/\/icewisdom.com\/de\/wp-content\/uploads\/sites\/2\/2020\/12\/DSC0242-1024x683-1.jpg\"><img loading=\"lazy\" decoding=\"async\" class=\"alignleft wp-image-7564 size-medium\" src=\"https:\/\/icewisdom.com\/de\/wp-content\/uploads\/sites\/2\/2020\/12\/DSC0242-1024x683-1-300x200.jpg\" alt=\"\" width=\"300\" height=\"200\" srcset=\"https:\/\/icewisdom.com\/de\/wp-content\/uploads\/sites\/2\/2020\/12\/DSC0242-1024x683-1-300x200.jpg 300w, https:\/\/icewisdom.com\/de\/wp-content\/uploads\/sites\/2\/2020\/12\/DSC0242-1024x683-1-768x512.jpg 768w, https:\/\/icewisdom.com\/de\/wp-content\/uploads\/sites\/2\/2020\/12\/DSC0242-1024x683-1-705x470.jpg 705w, https:\/\/icewisdom.com\/de\/wp-content\/uploads\/sites\/2\/2020\/12\/DSC0242-1024x683-1.jpg 1024w\" sizes=\"auto, (max-width: 300px) 100vw, 300px\" \/><\/a><span class=\"av_dropcap1 \" >N<\/span>ingijoq Saamasoq kommt aus den Niederlanden und geht seit vielen Jahren an Angaangaqs Seite. In Gr\u00f6nland hat sie den traditionellen Trommel-Tanz erlernt und wurde als Inuk anerkannt (&#8222;ein wahrer Mensch&#8220;), indem ihr gesagt wurde: &#8222;Du bist eine von uns&#8220;. 2018 wurde sie \u00c4lteste vom Sweetgras &#8211; Kreis, 2020 f\u00fcr den <a href=\"https:\/\/icewisdom.com\/three-year-program-tuukaq-circle\/\" target=\"_blank\" rel=\"noopener\">Tuukkaq-Kreis<\/a> und <a href=\"https:\/\/icewisdom.com\/icewisdom\/\" target=\"_blank\" rel=\"noopener\">Icewisdom<\/a>. 2020 hat sie hat die Stiftung &#8222;Native Greenland Foundation&#8220; ins Leben gerufen.\u00a0 Ihr Name bedeutet &#8222;Friedvolle \u00c4lteste&#8220;.<\/p>\n<\/div><\/section>\n<div class='flex_column av-4am3yg-a95be55992eb06c0055329993d9a3508 av_one_full  avia-builder-el-20  el_after_av_textblock  el_before_av_textblock  first flex_column_div column-top-margin'   ><style type=\"text\/css\" data-created_by=\"avia_inline_auto\" id=\"style-css-av-l6eqqdv4-15cbd65d59a3e5021cb5f20e7b05389e\">\n#top .av-special-heading.av-l6eqqdv4-15cbd65d59a3e5021cb5f20e7b05389e{\npadding-bottom:10px;\n}\n<\/style>\n<div  class='av-special-heading av-l6eqqdv4-15cbd65d59a3e5021cb5f20e7b05389e av-special-heading-h3 blockquote modern-quote  avia-builder-el-21  avia-builder-el-no-sibling  '><h3 class='av-special-heading-tag '  itemprop=\"headline\"  >Maria Steenholdt<\/h3><div class='special-heading-border'><div class='special-heading-inner-border'><\/div><\/div><\/div><\/div>\n<section class=\"av_textblock_section \"  itemscope=\"itemscope\" itemtype=\"https:\/\/schema.org\/CreativeWork\" ><div class='avia_textblock  '   itemprop=\"text\" ><p><a href=\"https:\/\/icewisdom.com\/de\/wp-content\/uploads\/sites\/2\/2022\/08\/Maria.png\"><img loading=\"lazy\" decoding=\"async\" class=\"alignnone size-medium wp-image-8608\" src=\"https:\/\/icewisdom.com\/de\/wp-content\/uploads\/sites\/2\/2022\/08\/Maria-214x300.png\" alt=\"\" width=\"214\" height=\"300\" srcset=\"https:\/\/icewisdom.com\/de\/wp-content\/uploads\/sites\/2\/2022\/08\/Maria-214x300.png 214w, https:\/\/icewisdom.com\/de\/wp-content\/uploads\/sites\/2\/2022\/08\/Maria.png 228w\" sizes=\"auto, (max-width: 214px) 100vw, 214px\" \/><\/a><\/p>\n<span class=\"av_dropcap1 \" >M<\/span>\n<p>aria Steenholdt ist eine \u00c4lteste und \u00dcbersetzerin der englischen, d\u00e4nischen und Kalaallisut-Inuit-Sprachen, die mehrere B\u00fccher f\u00fcr verschiedene Autoren und Organisationen \u00fcbersetzt hat. Derzeit \u00fcbersetzt sie mehrere Dokumente und ist gleichzeitig Mitbegr\u00fcnderin des neu gegr\u00fcndeten Gr\u00f6nl\u00e4ndischen Gro\u00dfm\u00fctterrats f\u00fcr IceWisdom. Zusammen mit einem Team von IceWisdom und anderen gr\u00f6nl\u00e4ndischen \u00c4ltesten hilft sie, dem gr\u00f6nl\u00e4ndischen Volk eine Stimme zu geben, wenn es um die aktuellen Bed\u00fcrfnisse ihres Volkes geht.<\/p>\n<p>Sie hat an mehreren \u00c4ltestenversammlungen teilgenommen und dabei geholfen, Verletzlichkeit in heilende Geschichten zu verwandeln.<\/p>\n<\/div><\/section>\n<div class='flex_column av-2s7qew-a3be20601c5278dda663ed7026e27bdb av_one_full  avia-builder-el-23  el_after_av_textblock  el_before_av_textblock  first flex_column_div column-top-margin'   ><style type=\"text\/css\" data-created_by=\"avia_inline_auto\" id=\"style-css-av-l6er341f-db3ec2daa885abf7cecdd6f3ab5ecaac\">\n#top .av-special-heading.av-l6er341f-db3ec2daa885abf7cecdd6f3ab5ecaac{\npadding-bottom:10px;\n}\n<\/style>\n<div  class='av-special-heading av-l6er341f-db3ec2daa885abf7cecdd6f3ab5ecaac av-special-heading-h3 blockquote modern-quote  avia-builder-el-24  avia-builder-el-no-sibling  '><h3 class='av-special-heading-tag '  itemprop=\"headline\"  >Maria Olsen<\/h3><div class='special-heading-border'><div class='special-heading-inner-border'><\/div><\/div><\/div><\/div>\n<section class=\"av_textblock_section \"  itemscope=\"itemscope\" itemtype=\"https:\/\/schema.org\/CreativeWork\" ><div class='avia_textblock  '   itemprop=\"text\" ><p><a href=\"https:\/\/icewisdom.com\/de\/wp-content\/uploads\/sites\/2\/2022\/08\/image.png\"><img loading=\"lazy\" decoding=\"async\" class=\"alignnone size-medium wp-image-8615\" src=\"https:\/\/icewisdom.com\/de\/wp-content\/uploads\/sites\/2\/2022\/08\/image-225x300.png\" alt=\"\" width=\"225\" height=\"300\" srcset=\"https:\/\/icewisdom.com\/de\/wp-content\/uploads\/sites\/2\/2022\/08\/image-225x300.png 225w, https:\/\/icewisdom.com\/de\/wp-content\/uploads\/sites\/2\/2022\/08\/image.png 240w\" sizes=\"auto, (max-width: 225px) 100vw, 225px\" \/><\/a><\/p>\n<span class=\"av_dropcap1 \" >M<\/span>\n<p>aria Olsen ist eine \u00c4lteste, die ihre pers\u00f6nlichen Erfahrungen und die Herausforderungen ihrer Familie als Gr\u00f6nl\u00e4nderin mit uns teilt. Sie bringt Wahrheit und Bewusstsein f\u00fcr die Bed\u00fcrfnisse des gr\u00f6nl\u00e4ndischen Volkes. Daf\u00fcr nimmt sie am neu gegr\u00fcndeten Rat der Gro\u00dfm\u00fctter f\u00fcr IceWisdom teil.<\/p>\n<p>Sie hat an mehreren \u00c4ltestenversammlungen teilgenommen und zeigte dabei eine innere St\u00e4rke, die es erm\u00f6glicht, den eigenen Weg jenseits k\u00f6rperlicher Begrenzungen zu gehen.<\/p>\n<\/div><\/section>\n","protected":false},"excerpt":{"rendered":"","protected":false},"author":3,"featured_media":0,"parent":2414,"menu_order":0,"comment_status":"open","ping_status":"open","template":"","meta":{"footnotes":""},"class_list":["post-2424","page","type-page","status-publish","hentry"],"_links":{"self":[{"href":"https:\/\/icewisdom.com\/de\/wp-json\/wp\/v2\/pages\/2424","targetHints":{"allow":["GET"]}}],"collection":[{"href":"https:\/\/icewisdom.com\/de\/wp-json\/wp\/v2\/pages"}],"about":[{"href":"https:\/\/icewisdom.com\/de\/wp-json\/wp\/v2\/types\/page"}],"author":[{"embeddable":true,"href":"https:\/\/icewisdom.com\/de\/wp-json\/wp\/v2\/users\/3"}],"replies":[{"embeddable":true,"href":"https:\/\/icewisdom.com\/de\/wp-json\/wp\/v2\/comments?post=2424"}],"version-history":[{"count":43,"href":"https:\/\/icewisdom.com\/de\/wp-json\/wp\/v2\/pages\/2424\/revisions"}],"predecessor-version":[{"id":9245,"href":"https:\/\/icewisdom.com\/de\/wp-json\/wp\/v2\/pages\/2424\/revisions\/9245"}],"up":[{"embeddable":true,"href":"https:\/\/icewisdom.com\/de\/wp-json\/wp\/v2\/pages\/2414"}],"wp:attachment":[{"href":"https:\/\/icewisdom.com\/de\/wp-json\/wp\/v2\/media?parent=2424"}],"curies":[{"name":"wp","href":"https:\/\/api.w.org\/{rel}","templated":true}]}}