{"id":2414,"date":"2014-02-16T13:49:33","date_gmt":"2014-02-16T11:49:33","guid":{"rendered":"http:\/\/icewisdom.org\/de\/?page_id=2414"},"modified":"2020-12-12T13:54:44","modified_gmt":"2020-12-12T11:54:44","slug":"icewisdom","status":"publish","type":"page","link":"https:\/\/icewisdom.com\/de\/icewisdom\/","title":{"rendered":"Icewisdom"},"content":{"rendered":"<div class='flex_column av-fkkqhq-669c816498808ff95c94c34fc7d49018 av_one_full  avia-builder-el-0  el_before_av_one_full  avia-builder-el-first  first flex_column_div '   ><p><section class=\"av_textblock_section \"  itemscope=\"itemscope\" itemtype=\"https:\/\/schema.org\/CreativeWork\" ><div class='avia_textblock  '   itemprop=\"text\" ><p><a href=\"https:\/\/icewisdom.com\/de\/wp-content\/uploads\/sites\/2\/2019\/04\/215868_194899990545318_6873373_n.jpg\"><img loading=\"lazy\" decoding=\"async\" class=\"alignnone wp-image-5813 size-featured\" src=\"https:\/\/icewisdom.com\/de\/wp-content\/uploads\/sites\/2\/2019\/04\/215868_194899990545318_6873373_n-720x430.jpg\" alt=\"\" width=\"720\" height=\"430\" \/><\/a><\/p>\n<\/div><\/section><br \/>\n\n<style type=\"text\/css\" data-created_by=\"avia_inline_auto\" id=\"style-css-av-av_heading-012f641a3980b9bbbb2af1544b06cb25\">\n#top .av-special-heading.av-av_heading-012f641a3980b9bbbb2af1544b06cb25{\npadding-bottom:10px;\n}\n<\/style>\n<div  class='av-special-heading av-av_heading-012f641a3980b9bbbb2af1544b06cb25 av-special-heading-h3 blockquote modern-quote  avia-builder-el-2  el_after_av_textblock  el_before_av_textblock  '><h3 class='av-special-heading-tag '  itemprop=\"headline\"  >Icewisdom &#8211; Das Eis spricht<\/h3><div class='special-heading-border'><div class='special-heading-inner-border'><\/div><\/div><\/div><br \/>\n<section class=\"av_textblock_section \"  itemscope=\"itemscope\" itemtype=\"https:\/\/schema.org\/CreativeWork\" ><div class='avia_textblock  '   itemprop=\"text\" ><p>Im tiefsten Winter im Jahr 1963 bemerkten zwei junge gr\u00f6nl\u00e4ndische M\u00e4nner als sie auf Jagd waren, dass aus dem Gro\u00dfen Eis Wasser abfloss. Als sie den \u00c4ltesten \u00fcber dieses seltsame Ereignis berichteten, glaubte ihnen niemand. &#8211; Wie k\u00f6nnte Wasser abrinnen, wenn die Temperatur seit drei Monaten unter minus 30 Grad Celsius lag. Sp\u00e4ter im Winter machten die \u00c4ltesten auf ihrer Jagd dieselbe Erfahrung. Wasser rann aus der Gro\u00dfen Eiswand. Dieses war das erste Zeichen daf\u00fcr, dass etwas verkehrt war &#8211; nicht zu Hause im Gr\u00f6nland, sondern in der Welt.<\/p>\n<p>Aus einem Rinnsal sind mittlerweile tosende Fl\u00fcsse geworden, die sich aus dem Gro\u00dfen Eis in den Atlantik ergie\u00dfen. Seit das erste Rinnsal bemerkt worden war, nahm die durchschnittliche H\u00f6he der Eiskappe von f\u00fcnf Kilometern auf drei Kilometer ab, und dieser Prozess beschleunigt sich. Heute brechen Hunderte rei\u00dfender Fl\u00fcsse \u00fcbers ganze Jahr aus dem Eis hervor. Aus erdzeitlicher Sicht vollzieht sich die Eisschmelze unmittelbar, augenblicklich.<\/p>\n<p>Das Schmelzen des Eiskaps ist der dramatischste Beweis des globalen Klimawandels und seiner exponentiellen Beschleunigung. Gr\u00f6nland ist der &#8222;Ground Zero&#8220; des Klimawandels. Gewiss ist, dass sich unsere Welt ver\u00e4ndert und diese Ver\u00e4nderungen bestenfalls unsere Lebensweise ver\u00e4ndern und schlimmstenfalls zerst\u00f6ren.<\/p>\n<p>Das schmelzende Eis in Gr\u00f6nland fordert uns dazu auf, die spirituelle Bedeutung des Klimwandels zu begreifen und unsere Lebensweise zu reflektieren.<\/p>\n<p>Es ist Zeit, mit Augen des Vertrauens in unsere Zukunft zu blicken und daran zu glauben, dass wir unsere innere und \u00e4u\u00dfere Umgebung ver\u00e4ndern und so die Zukunft unserer Erde neu gestalten k\u00f6nnen.<\/p>\n<p>Wenn wir zu einem Leben in Harmonie zur\u00fcckfinden, das Eis in unseren Herzen schmelzen und uns wieder miteinander verbinden, dann werden wir \u00fcberleben. Nun ist die Zeit, genau das zu tun.<\/p>\n<p><a href=\"https:\/\/icewisdom.com\/de\/intensiv-seminare\/\" target=\"_blank\" rel=\"noopener\">Angebote und Veranstaltungen mit Angaangaq<\/a>, in denen er die Weisheit seiner Tradition teilt, finden sich <a href=\"https:\/\/icewisdom.com\/de\/event\/\" target=\"_blank\" rel=\"noopener\">hier<\/a>.<\/p>\n<div id=\"attachment_2420\" style=\"width: 710px\" class=\"wp-caption alignnone\"><a href=\"https:\/\/icewisdom.com\/de\/wp-content\/uploads\/sites\/2\/2014\/02\/SNieder_121105_0817_web.jpg\"><img loading=\"lazy\" decoding=\"async\" aria-describedby=\"caption-attachment-2420\" class=\"wp-image-2420 size-full\" src=\"https:\/\/icewisdom.com\/de\/wp-content\/uploads\/sites\/2\/2014\/02\/SNieder_121105_0817_web.jpg\" alt=\"Sven Nieder Foto \u2013 Gr\u00f6nland\" width=\"700\" height=\"300\" srcset=\"https:\/\/icewisdom.com\/de\/wp-content\/uploads\/sites\/2\/2014\/02\/SNieder_121105_0817_web.jpg 700w, https:\/\/icewisdom.com\/de\/wp-content\/uploads\/sites\/2\/2014\/02\/SNieder_121105_0817_web-300x128.jpg 300w, https:\/\/icewisdom.com\/de\/wp-content\/uploads\/sites\/2\/2014\/02\/SNieder_121105_0817_web-450x192.jpg 450w\" sizes=\"auto, (max-width: 700px) 100vw, 700px\" \/><\/a><p id=\"caption-attachment-2420\" class=\"wp-caption-text\">Offenes Wasser am Russelgletscher im tiefen Winter bei zweistelligen Minusgraden. Der Gletscher ist so schnell geworden, das er selbst im Winter weiterschmilzt.<\/p><\/div>\n<\/div><\/section><\/p><\/div><div class='flex_column av-6al79q-995a1f6486b695c655bae60cdcc7a6a4 av_one_full  avia-builder-el-4  el_after_av_one_full  avia-builder-el-last  first flex_column_div column-top-margin'   ><p>\n<style type=\"text\/css\" data-created_by=\"avia_inline_auto\" id=\"style-css-av-31l3gu-3bfcfa5be18f3ee1a9584fcb9f93fce4\">\n#top .av-special-heading.av-31l3gu-3bfcfa5be18f3ee1a9584fcb9f93fce4{\npadding-bottom:10px;\n}\n<\/style>\n<div  class='av-special-heading av-31l3gu-3bfcfa5be18f3ee1a9584fcb9f93fce4 av-special-heading-h3 blockquote modern-quote  avia-builder-el-5  el_before_av_textblock  avia-builder-el-first  '><h3 class='av-special-heading-tag '  itemprop=\"headline\"  >Icewisdom International<\/h3><div class='special-heading-border'><div class='special-heading-inner-border'><\/div><\/div><\/div><br \/>\n<section class=\"av_textblock_section \"  itemscope=\"itemscope\" itemtype=\"https:\/\/schema.org\/CreativeWork\" ><div class='avia_textblock  '   itemprop=\"text\" ><p>IceWisdom International setzt sich daf\u00fcr ein, die Weisheit des Hohen Nordens in die Welt zu bringen, um Wege zu Heilung und Frieden aufzuzeigen. Dieses alte Wissen hat Menschen \u00fcber tausende von Jahren erm\u00f6glicht, an einem der rauhesten Orte der Erde zu \u00fcberleben. In Intensiv-Seminaren, dem Tuukkaq- Kreis und durch Beitr\u00e4ge auf internationalen Symposien und Konferenzen, die unserer Umwelt und dem Frieden dienen, machen wir diese Weisheit lebendig. Projekte mit dem Ziel der Heilung von Menschen sind im Entstehen.<br \/>\nWir sind unabh\u00e4ngig von jeglichen religi\u00f6sen oder politischen Institutionen, L\u00e4ndern oder multinationalen Organisationen.<\/p>\n<p>Das arktische Eis schmilzt mit rapider Geschwindigkeit. Die bedrohlichen Konsequenzen, die daraus f\u00fcr die Welt entstehen, sind kaum vorstellbar. Wenn wir die spirituelle Bedeutung des Klimawandels verstehen, erkennen wir, dass wir neue Wege gehen m\u00fcssen.<\/p>\n<\/div><\/section><\/p><\/div><\/p>\n","protected":false},"excerpt":{"rendered":"","protected":false},"author":3,"featured_media":0,"parent":0,"menu_order":0,"comment_status":"open","ping_status":"open","template":"","meta":{"footnotes":""},"class_list":["post-2414","page","type-page","status-publish","hentry"],"_links":{"self":[{"href":"https:\/\/icewisdom.com\/de\/wp-json\/wp\/v2\/pages\/2414","targetHints":{"allow":["GET"]}}],"collection":[{"href":"https:\/\/icewisdom.com\/de\/wp-json\/wp\/v2\/pages"}],"about":[{"href":"https:\/\/icewisdom.com\/de\/wp-json\/wp\/v2\/types\/page"}],"author":[{"embeddable":true,"href":"https:\/\/icewisdom.com\/de\/wp-json\/wp\/v2\/users\/3"}],"replies":[{"embeddable":true,"href":"https:\/\/icewisdom.com\/de\/wp-json\/wp\/v2\/comments?post=2414"}],"version-history":[{"count":26,"href":"https:\/\/icewisdom.com\/de\/wp-json\/wp\/v2\/pages\/2414\/revisions"}],"predecessor-version":[{"id":7543,"href":"https:\/\/icewisdom.com\/de\/wp-json\/wp\/v2\/pages\/2414\/revisions\/7543"}],"wp:attachment":[{"href":"https:\/\/icewisdom.com\/de\/wp-json\/wp\/v2\/media?parent=2414"}],"curies":[{"name":"wp","href":"https:\/\/api.w.org\/{rel}","templated":true}]}}