{"id":2410,"date":"2014-02-16T13:47:25","date_gmt":"2014-02-16T11:47:25","guid":{"rendered":"http:\/\/icewisdom.org\/de\/?page_id=2410"},"modified":"2021-01-01T14:56:47","modified_gmt":"2021-01-01T13:56:47","slug":"medien-und-pressepaket","status":"publish","type":"page","link":"https:\/\/icewisdom.com\/de\/medien-und-pressepaket\/","title":{"rendered":"Medien\u2013 und Pressepaket"},"content":{"rendered":"\n<style type=\"text\/css\" data-created_by=\"avia_inline_auto\" id=\"style-css-av-2t60yy-4554baec3ed3669f3e7e61e5059287c6\">\n.flex_column.av-2t60yy-4554baec3ed3669f3e7e61e5059287c6{\nborder-radius:0px 0px 0px 0px;\n-webkit-border-radius:0px 0px 0px 0px;\n-moz-border-radius:0px 0px 0px 0px;\n}\n<\/style>\n<div class='flex_column av-2t60yy-4554baec3ed3669f3e7e61e5059287c6 av_one_full  avia-builder-el-0  el_before_av_one_full  avia-builder-el-first  first flex_column_div av-zero-column-padding '   ><style type=\"text\/css\" data-created_by=\"avia_inline_auto\" id=\"style-css-av-kiloiuby-5ee5372b070f240482284492e2609d90\">\n.av-horizontal-gallery.av-kiloiuby-5ee5372b070f240482284492e2609d90{\npadding:3.75% 0px;;\n}\n.av-horizontal-gallery.av-kiloiuby-5ee5372b070f240482284492e2609d90 .av-horizontal-gallery-inner{\npadding-bottom:25%;\n}\n<\/style>\n<div  class='av-horizontal-gallery av-kiloiuby-5ee5372b070f240482284492e2609d90 av-horizontal-gallery-large-gap av-horizontal-gallery-enlarge-effect av-control-default  avia-builder-el-1  avia-builder-el-no-sibling  av-horizontal-gallery-1 '  itemprop=\"image\" itemscope=\"itemscope\" itemtype=\"https:\/\/schema.org\/ImageObject\"   data-av-enlarge='1.3'  ><div class='avia-slideshow-arrows avia-slideshow-controls' ><a href='#prev' class='prev-slide av-horizontal-gallery-prev' aria-hidden='true' data-av_icon='\ue87c' data-av_iconfont='entypo-fontello' aria-hidden='true' tabindex='-1'>Zur\u00fcck<\/a><a href='#next' class='next-slide av-horizontal-gallery-next' aria-hidden='true' data-av_icon='\ue87d' data-av_iconfont='entypo-fontello' aria-hidden='true' tabindex='-1'>Weiter<\/a><\/div><div class='av-horizontal-gallery-inner' data-av-height='25'><div class=\"av-horizontal-gallery-slider\"><div class='av-horizontal-gallery-wrap noHover'><img class='wp-image-5707 avia-img-lazy-loading-5707 av-horizontal-gallery-img' width='959' height='960' src='https:\/\/icewisdom.com\/de\/wp-content\/uploads\/sites\/2\/2019\/04\/31337764_1801585639864065_2360992124461121536_n.jpg' title='31337764_1801585639864065_2360992124461121536_n' alt='' \/><a href=\"https:\/\/icewisdom.com\/de\/wp-content\/uploads\/sites\/2\/2019\/04\/31337764_1801585639864065_2360992124461121536_n.jpg\" class='av-horizontal-gallery-link' aria-hidden='true' data-av_icon='\ue869' data-av_iconfont='entypo-fontello' title='31337764_1801585639864065_2360992124461121536_n' alt=''><\/a><\/div><div class='av-horizontal-gallery-wrap noHover'><img class='wp-image-3156 avia-img-lazy-loading-3156 av-horizontal-gallery-img' width='851' height='315' src='https:\/\/icewisdom.com\/de\/wp-content\/uploads\/sites\/2\/2014\/11\/Aanakasaap-Synopsis-12.jpg' title='Aanakasaap Synopsis 12' alt='' \/><a href=\"https:\/\/icewisdom.com\/de\/wp-content\/uploads\/sites\/2\/2014\/11\/Aanakasaap-Synopsis-12.jpg\" class='av-horizontal-gallery-link' aria-hidden='true' data-av_icon='\ue869' data-av_iconfont='entypo-fontello' title='Aanakasaap Synopsis 12' alt=''><\/a><\/div><\/div><\/div><\/div><\/div>\n<div class='flex_column av-5b0c5m-928c759c5e2da71d52d323f9de614f2c av_one_full  avia-builder-el-2  el_after_av_one_full  el_before_av_promobox  first flex_column_div column-top-margin'   ><section class=\"av_textblock_section \"  itemscope=\"itemscope\" itemtype=\"https:\/\/schema.org\/CreativeWork\" ><div class='avia_textblock  '   itemprop=\"text\" ><p>Folgende Fotos und Texte stellen wir Veranstaltern und Journalisten zur Verf\u00fcgung. Die Texte k\u00f6nnen nach Bedarf gek\u00fcrzt werden. Wir bitten Sie, www.icewisdom.com und den Fotografen jeweils zu erw\u00e4hnen.<\/p>\n<p>Kontaktanfragen an: Anja Mays\u00a0 <a href=\"mailto:info@icewisdom.com\" target=\"_blank\" rel=\"noopener noreferrer\">info@icewisdom.com<\/a><\/p>\n<\/div><\/section><\/div><div  class='av_promobox av-27dcii-407339c2ae37db1f539b456153e8c235 avia-button-yes  avia-builder-el-4  el_after_av_one_full  avia-builder-el-last  '><div class='avia-promocontent'><p>\nIcewisdom Medienpaket mit Fotografien, Biografie, Pressetext, Zitaten<\/p>\n<\/div><div  class='avia-button-wrap avia-button-right ' ><a href='https:\/\/www.icewisdom.com\/downloads\/Mediapackage_German.zip'  class='avia-button av-27dcii-896d436d30d40f5b676e99ae549e21e4 avia-icon_select-yes-left-icon avia-size-large avia-position-right avia-color-theme-color ' ><span class='avia_button_icon avia_button_icon_left' aria-hidden='true' data-av_icon='\ue82d' data-av_iconfont='entypo-fontello'><\/span><span class='avia_iconbox_title' >Download<\/span><\/a><\/div><\/div><\/p>\n","protected":false},"excerpt":{"rendered":"","protected":false},"author":3,"featured_media":0,"parent":0,"menu_order":0,"comment_status":"open","ping_status":"open","template":"","meta":{"footnotes":""},"class_list":["post-2410","page","type-page","status-publish","hentry"],"_links":{"self":[{"href":"https:\/\/icewisdom.com\/de\/wp-json\/wp\/v2\/pages\/2410","targetHints":{"allow":["GET"]}}],"collection":[{"href":"https:\/\/icewisdom.com\/de\/wp-json\/wp\/v2\/pages"}],"about":[{"href":"https:\/\/icewisdom.com\/de\/wp-json\/wp\/v2\/types\/page"}],"author":[{"embeddable":true,"href":"https:\/\/icewisdom.com\/de\/wp-json\/wp\/v2\/users\/3"}],"replies":[{"embeddable":true,"href":"https:\/\/icewisdom.com\/de\/wp-json\/wp\/v2\/comments?post=2410"}],"version-history":[{"count":7,"href":"https:\/\/icewisdom.com\/de\/wp-json\/wp\/v2\/pages\/2410\/revisions"}],"predecessor-version":[{"id":7620,"href":"https:\/\/icewisdom.com\/de\/wp-json\/wp\/v2\/pages\/2410\/revisions\/7620"}],"wp:attachment":[{"href":"https:\/\/icewisdom.com\/de\/wp-json\/wp\/v2\/media?parent=2410"}],"curies":[{"name":"wp","href":"https:\/\/api.w.org\/{rel}","templated":true}]}}