{"id":2328,"date":"2014-02-12T18:35:32","date_gmt":"2014-02-12T16:35:32","guid":{"rendered":"http:\/\/icewisdom.org\/de\/?page_id=2328"},"modified":"2022-11-13T16:11:27","modified_gmt":"2022-11-13T15:11:27","slug":"angaangaq","status":"publish","type":"page","link":"https:\/\/icewisdom.com\/de\/angaangaq\/","title":{"rendered":"Angaangaq"},"content":{"rendered":"<div class='flex_column av-piiblk-e0682a7f3b5fed25da0a7b7518ab6e75 av_one_full  avia-builder-el-0  el_before_av_textblock  avia-builder-el-first  first flex_column_div '   ><p><section class=\"av_textblock_section \"  itemscope=\"itemscope\" itemtype=\"https:\/\/schema.org\/CreativeWork\" ><div class='avia_textblock  '   itemprop=\"text\" ><p><a href=\"https:\/\/icewisdom.com\/de\/wp-content\/uploads\/sites\/2\/2013\/04\/angaangaw_portrait_web_small.jpg\"><img loading=\"lazy\" decoding=\"async\" class=\"wp-image-2318 size-full alignleft\" src=\"https:\/\/icewisdom.com\/de\/wp-content\/uploads\/sites\/2\/2013\/04\/angaangaw_portrait_web_small.jpg\" alt=\"\" width=\"300\" height=\"300\" srcset=\"https:\/\/icewisdom.com\/de\/wp-content\/uploads\/sites\/2\/2013\/04\/angaangaw_portrait_web_small.jpg 300w, https:\/\/icewisdom.com\/de\/wp-content\/uploads\/sites\/2\/2013\/04\/angaangaw_portrait_web_small-80x80.jpg 80w, https:\/\/icewisdom.com\/de\/wp-content\/uploads\/sites\/2\/2013\/04\/angaangaw_portrait_web_small-36x36.jpg 36w, https:\/\/icewisdom.com\/de\/wp-content\/uploads\/sites\/2\/2013\/04\/angaangaw_portrait_web_small-180x180.jpg 180w, https:\/\/icewisdom.com\/de\/wp-content\/uploads\/sites\/2\/2013\/04\/angaangaw_portrait_web_small-120x120.jpg 120w\" sizes=\"auto, (max-width: 300px) 100vw, 300px\" \/><\/a><span class=\"av_dropcap1 \" >A<\/span>ngaangaq ist ein Schamane, \u00c4ltester und traditioneller Heiler aus Kalaallit Nunaat, Gr\u00f6nland &#8211; dem einzig bewohnten Land der Welt, in dem niemals Krieg herrschte.\u00a0 <span data-contrast=\"none\">Seit seiner Kindheit wurde er von seiner Familie, besonders seiner Gro\u00dfmutter <\/span><span data-contrast=\"none\">Aanakasaa<\/span><span data-contrast=\"none\">, auf die Aufgabe als Schamane vorbereitet.<\/span> Die spirituelle Aufgabe, die ihm von seiner Mutter \u00fcbertragen wurde, ist &#8222;das Eis im Herzen der Menschen zu schmelzen.&#8220;<\/p>\n<p>Angaangaq \u00fcberwindet die Grenzen zwischen Kulturen und Glauben, Jung und Alt. Seine Arbeit brachte ihn in \u00fcber siebzig L\u00e4nder dieser Welt. In <a href=\"https:\/\/icewisdom.com\/de\/intensiv-seminare\/\">Kreisen<\/a>, <a href=\"https:\/\/icewisdom.com\/de\/intensiv-seminare\/\">Intensivseminaren<\/a> und Aalaartiviit (traditionellen Schwitzh\u00fcttenzeremonien) macht er die <a href=\"https:\/\/icewisdom.com\/de\/lehren\/\" target=\"_blank\" rel=\"noopener\">m\u00fcndlich \u00fcberlieferte Heiltradition<\/a> und Weisheiten der uralten indigenen Lehren erfahrbar und lebendig &#8211; Lehren, die den Menschen ein \u00dcberleben am unwirtlichsten Ort der Erde erm\u00f6glicht haben. Er ist <a href=\"https:\/\/icewisdom.com\/de\/vortraege\/\">Keynote-Speaker<\/a> bei internationalen Konferenzen und Symposien \u00fcber Klimwandel, Umwelt, spirituelle und indigene Themen.<\/p>\n<\/div><\/section><br \/>\n<div  class='hr av-2pphvs-ecc064594fb902d13f65ea7f6a4ba27f hr-default  avia-builder-el-2  el_after_av_textblock  avia-builder-el-last  '><span class='hr-inner '><span class=\"hr-inner-style\"><\/span><\/span><\/div><\/p><\/div><section class=\"av_textblock_section \"  itemscope=\"itemscope\" itemtype=\"https:\/\/schema.org\/CreativeWork\" ><div class='avia_textblock  '   itemprop=\"text\" ><blockquote>\n<p>&#8222;Die gr\u00f6\u00dfte Entfernung im Dasein des Menschen ist weder von hier nach dort noch von dort nach hier. Nein, die gr\u00f6\u00dfte Entfernung im Dasein des Menschen ist von seinem Verstand zu seinem Herzen. Nur wenn er diese Distanz \u00fcberwindet, lernt er, wie ein Adler zu segeln und seine innere Unermesslichkeit wahrzunehmen.&#8220;<\/p>\n<\/blockquote>\n<\/div><\/section><\/p>\n","protected":false},"excerpt":{"rendered":"","protected":false},"author":3,"featured_media":0,"parent":0,"menu_order":0,"comment_status":"open","ping_status":"open","template":"","meta":{"footnotes":""},"class_list":["post-2328","page","type-page","status-publish","hentry"],"_links":{"self":[{"href":"https:\/\/icewisdom.com\/de\/wp-json\/wp\/v2\/pages\/2328","targetHints":{"allow":["GET"]}}],"collection":[{"href":"https:\/\/icewisdom.com\/de\/wp-json\/wp\/v2\/pages"}],"about":[{"href":"https:\/\/icewisdom.com\/de\/wp-json\/wp\/v2\/types\/page"}],"author":[{"embeddable":true,"href":"https:\/\/icewisdom.com\/de\/wp-json\/wp\/v2\/users\/3"}],"replies":[{"embeddable":true,"href":"https:\/\/icewisdom.com\/de\/wp-json\/wp\/v2\/comments?post=2328"}],"version-history":[{"count":76,"href":"https:\/\/icewisdom.com\/de\/wp-json\/wp\/v2\/pages\/2328\/revisions"}],"predecessor-version":[{"id":8800,"href":"https:\/\/icewisdom.com\/de\/wp-json\/wp\/v2\/pages\/2328\/revisions\/8800"}],"wp:attachment":[{"href":"https:\/\/icewisdom.com\/de\/wp-json\/wp\/v2\/media?parent=2328"}],"curies":[{"name":"wp","href":"https:\/\/api.w.org\/{rel}","templated":true}]}}